{"id":3014,"date":"2019-12-16T20:40:41","date_gmt":"2019-12-16T18:40:41","guid":{"rendered":"https:\/\/capsulehostels.eu\/asukoht\/"},"modified":"2020-02-27T11:37:03","modified_gmt":"2020-02-27T09:37:03","slug":"asukoht","status":"publish","type":"page","link":"https:\/\/capsulehostels.eu\/ru\/asukoht\/","title":{"rendered":"\u041f\u0420\u0418\u0411\u042b\u0422\u0418\u0415"},"content":{"rendered":"<div class=\"wpb-content-wrapper\"><p>[vc_row full_width=&#187;stretch_row_content_no_spaces&#187; shadow_x_offset=&#187;0&#8243; shadow_y_offset=&#187;0&#8243; shadow_blur=&#187;0&#8243; shadow_spread=&#187;0&#8243; shadow_color=&#187;&#187; css=&#187;.vc_custom_1579187059008{margin-top: -60px !important;margin-bottom: -50px !important;}&#187;][vc_column][vc_column_text]<iframe loading=\"lazy\" style=\"border: 0;\" src=\"https:\/\/www.google.com\/maps\/embed?pb=!1m18!1m12!1m3!1d2030.0387544561502!2d24.73721731607585!3d59.41574848168916!2m3!1f0!2f0!3f0!3m2!1i1024!2i768!4f13.1!3m3!1m2!1s0x4692953cef2cf315%3A0xf262893b87ffc6fc!2sCapsulehostel%20O%C3%9C!5e0!3m2!1set!2see!4v1576522734981!5m2!1set!2see\" width=\"100%\" height=\"400\" frameborder=\"0\" allowfullscreen=\"allowfullscreen\"><\/iframe>[\/vc_column_text][\/vc_column][\/vc_row][vc_row full_width=&#187;stretch_row&#187; shadow_x_offset=&#187;0&#8243; shadow_y_offset=&#187;0&#8243; shadow_blur=&#187;0&#8243; shadow_spread=&#187;0&#8243; shadow_color=&#187;&#187; css=&#187;.vc_custom_1579246822214{padding-bottom: 20px !important;background-color: #00b3e3 !important;}&#187;][vc_column width=&#187;1\/4&#8243; shadow_x_offset=&#187;0&#8243; shadow_y_offset=&#187;0&#8243; shadow_blur=&#187;0&#8243; shadow_spread=&#187;0&#8243; shadow_color=&#187;&#187; css=&#187;.vc_custom_1579246937522{padding-top: 25px !important;}&#187;][vc_column_text]<\/p>\n<h5 style=\"text-align: center;\">\u0418\u0437 \u0446\u0435\u043d\u0442\u0440\u0430 \u0422\u0430\u043b\u043b\u0438\u043d\u043d\u0430<\/h5>\n<p>[\/vc_column_text][vc_column_text css=&#187;.vc_custom_1579189087228{margin-top: -40px !important;}&#187;]<\/p>\n<h1 style=\"text-align: center;\"><span style=\"color: #ffffff;\">2 km<\/span><\/h1>\n<p>[\/vc_column_text][\/vc_column][vc_column width=&#187;1\/4&#8243; shadow_x_offset=&#187;0&#8243; shadow_y_offset=&#187;0&#8243; shadow_blur=&#187;0&#8243; shadow_spread=&#187;0&#8243; shadow_color=&#187;&#187; css=&#187;.vc_custom_1579246945493{padding-top: 25px !important;}&#187;][vc_column_text]<\/p>\n<h5 style=\"text-align: center;\">\u0418\u0437 \u0430\u044d\u0440\u043e\u043f\u043e\u0440\u0442\u0430 \u0438 \u0433\u0430\u0432\u0430\u043d\u0438<\/h5>\n<p>[\/vc_column_text][vc_column_text css=&#187;.vc_custom_1580065251083{margin-top: -40px !important;}&#187;]<\/p>\n<h1 style=\"text-align: center;\"><span style=\"color: #ffffff;\">4 km<\/span><\/h1>\n<p>[\/vc_column_text][\/vc_column][vc_column width=&#187;1\/4&#8243; shadow_x_offset=&#187;0&#8243; shadow_y_offset=&#187;0&#8243; shadow_blur=&#187;0&#8243; shadow_spread=&#187;0&#8243; shadow_color=&#187;&#187; css=&#187;.vc_custom_1579246952196{padding-top: 25px !important;}&#187;][vc_column_text]<\/p>\n<h5 style=\"text-align: center;\">\u041e\u0442 \u0422\u0430\u043b\u043b\u0438\u043d\u0441\u043a\u043e\u0433\u043e \u0430\u0432\u0442\u043e\u0432\u043e\u043a\u0437\u0430\u043b\u0430<\/h5>\n<p>[\/vc_column_text][vc_column_text css=&#187;.vc_custom_1580065234592{margin-top: -40px !important;}&#187;]<\/p>\n<h1 style=\"text-align: center;\"><span style=\"color: #ffffff;\">2,5 km<\/span><\/h1>\n<p>[\/vc_column_text][\/vc_column][vc_column width=&#187;1\/4&#8243; shadow_x_offset=&#187;0&#8243; shadow_y_offset=&#187;0&#8243; shadow_blur=&#187;0&#8243; shadow_spread=&#187;0&#8243; shadow_color=&#187;&#187; css=&#187;.vc_custom_1580065399273{padding-top: 25px !important;}&#187;][vc_column_text]<\/p>\n<h5 style=\"text-align: center;\">\u041e\u0442 \u0411\u0430\u043b\u0442\u0438\u0439\u0441\u043a\u043e\u0433\u043e \u0432\u043e\u043a\u0437\u0430\u043b\u0430<\/h5>\n<p>[\/vc_column_text][vc_column_text css=&#187;.vc_custom_1580065298515{margin-top: -40px !important;}&#187;]<\/p>\n<h1 style=\"text-align: center;\"><span style=\"color: #ffffff;\">3 km<\/span><\/h1>\n<p>[\/vc_column_text][\/vc_column][\/vc_row][vc_row shadow_x_offset=&#187;0&#8243; shadow_y_offset=&#187;0&#8243; shadow_blur=&#187;0&#8243; shadow_spread=&#187;0&#8243; shadow_color=&#187;&#187; css=&#187;.vc_custom_1576873580020{padding-top: 40px !important;}&#187;][vc_column width=&#187;1\/2&#8243;][vc_column_text css=&#187;.vc_custom_1582717742440{margin-top: 50px !important;}&#187;]\u041e\u0442 \u0430\u044d\u0440\u043e\u043f\u043e\u0440\u0442\u0430 \u0438 \u0430\u0432\u0442\u043e\u0432\u043e\u043a\u0437\u0430\u043b\u0430 \u0434\u043e \u043d\u0430\u0441 \u0443\u0434\u043e\u0431\u043d\u043e \u0434\u043e\u0431\u0440\u0430\u0442\u044c\u0441\u044f \u043d\u0430 \u0442\u0440\u0430\u043c\u0432\u0430\u0435 <strong>3<\/strong>, <strong>4.<\/strong><br \/>\n\u0412\u044b \u0442\u0430\u043a\u0436\u0435 \u043c\u043e\u0436\u0435\u0442\u0435 \u0434\u043e\u0431\u0440\u0430\u0442\u044c\u0441\u044f \u0434\u043e \u043d\u0430\u0441 \u043d\u0430 \u0433\u043e\u0440\u043e\u0434\u0441\u043a\u0438\u0445 \u0430\u0432\u0442\u043e\u0431\u0443\u0441\u043d\u044b\u0445 \u043b\u0438\u043d\u0438\u044f\u0445 <strong>5, 18,18A 20, 20A, 32, 36<\/strong> \u00a0(\u043e\u0441\u0442\u0430\u043d\u043e\u0432\u043a\u0430 &#171;Tallinn-V\u00e4ike&#187;). \u0412\u044b \u043c\u043e\u0436\u0435\u0442\u0435 \u043a\u0443\u043f\u0438\u0442\u044c \u0442\u0440\u0430\u043d\u0441\u043f\u043e\u0440\u0442\u043d\u0443\u044e \u043a\u0430\u0440\u0442\u0443 \u0432 R-\u043a\u0438\u043e\u0441\u043a\u0430\u0445 \u0432 \u0430\u0432\u0442\u043e\u0431\u0443\u0441\u0430\u0445, \u0430\u044d\u0440\u043e\u043f\u043e\u0440\u0442\u0430\u0445, \u0442\u043e\u0440\u0433\u043e\u0432\u044b\u0445 \u0446\u0435\u043d\u0442\u0440\u0430\u0445 \u0438\u043b\u0438 \u0437\u0434\u0435\u0441\u044c \u21d2 <a href=\"https:\/\/transport.tallinn.ee\/\">https:\/\/transport.tallinn.ee\/<\/a>.<\/p>\n<p>\u0421\u0430\u043c\u044b\u0439 \u0443\u0434\u043e\u0431\u043d\u044b\u0439 \u0441\u043f\u043e\u0441\u043e\u0431 \u0434\u043e\u0431\u0440\u0430\u0442\u044c\u0441\u044f \u0434\u043e \u043d\u0430\u0441 \u0438\u0437 \u043f\u043e\u0440\u0442\u0430 &#8212; \u043d\u0430 \u0442\u0430\u043a\u0441\u0438 (\u0432 \u0437\u0430\u0432\u0438\u0441\u0438\u043c\u043e\u0441\u0442\u0438 \u043e\u0442 \u043f\u043e\u0441\u0442\u0430\u0432\u0449\u0438\u043a\u0430 \u0442\u0443\u0440\u0438\u0441\u0442\u0438\u0447\u0435\u0441\u043a\u0438\u0445 \u0443\u0441\u043b\u0443\u0433 5-10 \u0435\u0432\u0440\u043e), \u043c\u044b \u0440\u0435\u043a\u043e\u043c\u0435\u043d\u0434\u0443\u0435\u043c <a style=\"font-size: 22px; font-weight: 700px; color: #0f2453;\" href=\"https:\/\/bolt.eu\/et\/\" target=\"_blank\" rel=\"noopener noreferrer\"><em>\u0411\u043e\u043b\u0442 <\/em><\/a>.<b><\/b><\/p>\n<p>[\/vc_column_text][\/vc_column][vc_column width=&#187;1\/2&#8243;][stm_carousel_gallery images_effect=&#187;0&#8243; lightgallery=&#187;disable&#187; images_margin=&#187;5&#8243; navigation_style=&#187;style_1&#8243; thumbnails=&#187;disable&#187; description=&#187;disable&#187; pagination=&#187;disable&#187; css_animation=&#187;slideInRight&#187; images=&#187;2660,2662,2160&#8243; image_size=&#187;full&#187; css=&#187;.vc_custom_1579631758154{margin-right: -15px !important;margin-left: -15px !important;}&#187;][\/vc_column][\/vc_row][vc_row disable_element=&#187;yes&#187; bg_pos=&#187;100%&#187; shadow_x_offset=&#187;0&#8243; shadow_y_offset=&#187;0&#8243; shadow_blur=&#187;0&#8243; shadow_spread=&#187;0&#8243; shadow_color=&#187;&#187; css=&#187;.vc_custom_1576778710603{padding-top: 20px !important;}&#187;][vc_column shadow_x_offset=&#187;0&#8243; shadow_y_offset=&#187;0&#8243; shadow_blur=&#187;0&#8243; shadow_spread=&#187;0&#8243; offset=&#187;vc_col-lg-8 vc_col-md-8&#8243;][vc_custom_heading text=&#187;V\u00f5ta meiega \u00fchendust&#187; use_theme_fonts=&#187;yes&#187;][vc_column_text]K\u00fcsimuste v\u00f5i probleemide korral v\u00f5tke meiega \u00fchendust. K\u00f5ikidele kirjadele vastame 24h jooksul.[\/vc_column_text][stm_contact_form_7 form=&#187;172&#8243; style=&#187;style_3&#8243;][\/vc_column][vc_column shadow_x_offset=&#187;0&#8243; shadow_y_offset=&#187;0&#8243; shadow_blur=&#187;0&#8243; shadow_spread=&#187;0&#8243; offset=&#187;vc_col-lg-4 vc_col-md-4&#8243;][stm_contacts_widget style=&#187;style_2&#8243; address=&#187;P\u00e4rnu mnt 106, Tallinn, Estonia&#187; phone=&#187;+372 501 2092&#8243; email=&#187;info@capsulehostels.eu&#187; css=&#187;.vc_custom_1575400043128{background-color: #00b3e3 !important;background-position: center !important;background-repeat: no-repeat !important;background-size: cover !important;}&#187;][\/vc_column][\/vc_row][vc_row full_width=&#187;stretch_row_content_no_spaces&#187; shadow_x_offset=&#187;0&#8243; shadow_y_offset=&#187;0&#8243; shadow_blur=&#187;0&#8243; shadow_spread=&#187;0&#8243;][vc_column][vc_separator][vc_column_text]\n<div id=\"sb_instagram\"  class=\"sbi sbi_mob_col_2 sbi_tab_col_2 sbi_col_5 sbi_width_resp sbi-theme sbi-default_theme sbi-style-regular\" style=\"padding-bottom: 10px; width: 1200px;\" data-post-style=\"regular\"\t data-feedid=\"sbi_+FUNINCAPSULEKAPSELHOSTELCAPSUJap#10\"  data-res=\"auto\" data-cols=\"5\" data-colsmobile=\"2\" data-colstablet=\"2\" data-num=\"10\" data-nummobile=\"6\" data-header-size=\"small\" data-item-padding=\"5\"\t data-shortcode-atts=\"{}\"  data-postid=\"3014\" data-locatornonce=\"d7cf6d860d\" data-options=\"{&quot;grid&quot;:true,&quot;avatars&quot;:[],&quot;lightboxcomments&quot;:10,&quot;colsmobile&quot;:2,&quot;colstablet&quot;:2,&quot;captionsize&quot;:13,&quot;captionlength&quot;:50,&quot;imageaspectratio&quot;:&quot;1:1&quot;}\" data-sbi-flags=\"ajaxPostLoad,gdpr\">\n\n\t\n\t<div id=\"sbi_images\" style=\"gap: 10px;\">\n\t\t\t<\/div>\n\n\t<div id=\"sbi_load\" >\n\n\t\n\t\n<\/div>\n\n\t\t<span class=\"sbi_resized_image_data\" data-feed-id=\"sbi_+FUNINCAPSULEKAPSELHOSTELCAPSUJap#10\"\n\t\t  data-resized=\"[]\">\n\t<\/span>\n\t\n<\/div>\n\n<script type=\"text\/javascript\">var sb_instagram_js_options = {\"font_method\":\"svg\",\"placeholder\":\"https:\\\/\\\/capsulehostels.eu\\\/wp-content\\\/plugins\\\/instagram-feed-pro\\\/img\\\/placeholder.png\",\"resized_url\":\"https:\\\/\\\/capsulehostels.eu\\\/wp-content\\\/uploads\\\/sb-instagram-feed-images\\\/\",\"br_adjust\":true,\"ajax_url\":\"https:\\\/\\\/capsulehostels.eu\\\/wp-admin\\\/admin-ajax.php\"};<\/script><script type='text\/javascript' src='https:\/\/capsulehostels.eu\/wp-content\/plugins\/instagram-feed-pro\/js\/sbi-scripts.min.js?ver=6.9.0'><\/script>[\/vc_column_text][\/vc_column][\/vc_row]<\/p>\n<\/div>","protected":false},"excerpt":{"rendered":"<p>[vc_row full_width=&#187;stretch_row_content_no_spaces&#187; shadow_x_offset=&#187;0&#8243; shadow_y_offset=&#187;0&#8243; shadow_blur=&#187;0&#8243; shadow_spread=&#187;0&#8243; shadow_color=&#187;&#187; css=&#187;.vc_custom_1579187059008{margin-top: -60px !important;margin-bottom: -50px !important;}&#187;][vc_column][vc_column_text][\/vc_column_text][\/vc_column][\/vc_row][vc_row full_width=&#187;stretch_row&#187; shadow_x_offset=&#187;0&#8243; shadow_y_offset=&#187;0&#8243; shadow_blur=&#187;0&#8243; shadow_spread=&#187;0&#8243; shadow_color=&#187;&#187; css=&#187;.vc_custom_1579246822214{padding-bottom: 20px !important;background-color: #00b3e3 !important;}&#187;][vc_column width=&#187;1\/4&#8243; shadow_x_offset=&#187;0&#8243; shadow_y_offset=&#187;0&#8243; shadow_blur=&#187;0&#8243; shadow_spread=&#187;0&#8243; shadow_color=&#187;&#187; css=&#187;.vc_custom_1579246937522{padding-top: 25px !important;}&#187;][vc_column_text] \u0418\u0437 \u0446\u0435\u043d\u0442\u0440\u0430 \u0422\u0430\u043b\u043b\u0438\u043d\u043d\u0430 [\/vc_column_text][vc_column_text css=&#187;.vc_custom_1579189087228{margin-top: -40px !important;}&#187;] 2 km [\/vc_column_text][\/vc_column][vc_column width=&#187;1\/4&#8243; shadow_x_offset=&#187;0&#8243; shadow_y_offset=&#187;0&#8243; shadow_blur=&#187;0&#8243; shadow_spread=&#187;0&#8243; shadow_color=&#187;&#187; css=&#187;.vc_custom_1579246945493{padding-top: 25px !important;}&#187;][vc_column_text] \u0418\u0437 \u0430\u044d\u0440\u043e\u043f\u043e\u0440\u0442\u0430 \u0438 \u0433\u0430\u0432\u0430\u043d\u0438 [&hellip;]<\/p>\n","protected":false},"author":8,"featured_media":0,"parent":0,"menu_order":0,"comment_status":"closed","ping_status":"closed","template":"","meta":{"_monsterinsights_skip_tracking":false,"_monsterinsights_sitenote_active":false,"_monsterinsights_sitenote_note":"","_monsterinsights_sitenote_category":0,"footnotes":""},"class_list":["post-3014","page","type-page","status-publish","hentry"],"yoast_head":"<!-- This site is optimized with the Yoast SEO Premium plugin v25.8 (Yoast SEO v27.1.1) - https:\/\/yoast.com\/product\/yoast-seo-premium-wordpress\/ -->\n<title>\u041f\u0420\u0418\u0411\u042b\u0422\u0418\u0415 - Capsule Hostels Tallinn<\/title>\n<meta name=\"robots\" content=\"index, follow, max-snippet:-1, max-image-preview:large, max-video-preview:-1\" \/>\n<link rel=\"canonical\" href=\"https:\/\/capsulehostels.eu\/ru\/asukoht\/\" \/>\n<meta property=\"og:locale\" content=\"ru_RU\" \/>\n<meta property=\"og:type\" content=\"article\" \/>\n<meta property=\"og:title\" content=\"\u041f\u0420\u0418\u0411\u042b\u0422\u0418\u0415\" \/>\n<meta property=\"og:description\" content=\"[vc_row full_width=&#187;stretch_row_content_no_spaces&#187; shadow_x_offset=&#187;0&#8243; shadow_y_offset=&#187;0&#8243; shadow_blur=&#187;0&#8243; shadow_spread=&#187;0&#8243; shadow_color=&#187;&#187; css=&#187;.vc_custom_1579187059008{margin-top: -60px !important;margin-bottom: -50px !important;}&#187;][vc_column][vc_column_text][\/vc_column_text][\/vc_column][\/vc_row][vc_row full_width=&#187;stretch_row&#187; shadow_x_offset=&#187;0&#8243; shadow_y_offset=&#187;0&#8243; shadow_blur=&#187;0&#8243; shadow_spread=&#187;0&#8243; shadow_color=&#187;&#187; css=&#187;.vc_custom_1579246822214{padding-bottom: 20px !important;background-color: #00b3e3 !important;}&#187;][vc_column width=&#187;1\/4&#8243; shadow_x_offset=&#187;0&#8243; shadow_y_offset=&#187;0&#8243; shadow_blur=&#187;0&#8243; shadow_spread=&#187;0&#8243; shadow_color=&#187;&#187; css=&#187;.vc_custom_1579246937522{padding-top: 25px !important;}&#187;][vc_column_text] \u0418\u0437 \u0446\u0435\u043d\u0442\u0440\u0430 \u0422\u0430\u043b\u043b\u0438\u043d\u043d\u0430 [\/vc_column_text][vc_column_text css=&#187;.vc_custom_1579189087228{margin-top: -40px !important;}&#187;] 2 km [\/vc_column_text][\/vc_column][vc_column width=&#187;1\/4&#8243; shadow_x_offset=&#187;0&#8243; shadow_y_offset=&#187;0&#8243; shadow_blur=&#187;0&#8243; shadow_spread=&#187;0&#8243; shadow_color=&#187;&#187; css=&#187;.vc_custom_1579246945493{padding-top: 25px !important;}&#187;][vc_column_text] \u0418\u0437 \u0430\u044d\u0440\u043e\u043f\u043e\u0440\u0442\u0430 \u0438 \u0433\u0430\u0432\u0430\u043d\u0438 [&hellip;]\" \/>\n<meta property=\"og:url\" content=\"https:\/\/capsulehostels.eu\/ru\/asukoht\/\" \/>\n<meta property=\"og:site_name\" content=\"Capsule Hostels Tallinn\" \/>\n<meta property=\"article:publisher\" content=\"https:\/\/www.facebook.com\/capsulehostels\/\" \/>\n<meta property=\"article:modified_time\" content=\"2020-02-27T09:37:03+00:00\" \/>\n<meta name=\"twitter:card\" content=\"summary_large_image\" \/>\n<meta name=\"twitter:label1\" content=\"\u041f\u0440\u0438\u043c\u0435\u0440\u043d\u043e\u0435 \u0432\u0440\u0435\u043c\u044f \u0434\u043b\u044f \u0447\u0442\u0435\u043d\u0438\u044f\" \/>\n\t<meta name=\"twitter:data1\" content=\"3 \u043c\u0438\u043d\u0443\u0442\u044b\" \/>\n<script type=\"application\/ld+json\" class=\"yoast-schema-graph\">{\"@context\":\"https:\/\/schema.org\",\"@graph\":[{\"@type\":\"WebPage\",\"@id\":\"https:\/\/capsulehostels.eu\/ru\/asukoht\/\",\"url\":\"https:\/\/capsulehostels.eu\/ru\/asukoht\/\",\"name\":\"\u041f\u0420\u0418\u0411\u042b\u0422\u0418\u0415 - Capsule Hostels Tallinn\",\"isPartOf\":{\"@id\":\"https:\/\/capsulehostels.eu\/#website\"},\"datePublished\":\"2019-12-16T18:40:41+00:00\",\"dateModified\":\"2020-02-27T09:37:03+00:00\",\"breadcrumb\":{\"@id\":\"https:\/\/capsulehostels.eu\/ru\/asukoht\/#breadcrumb\"},\"inLanguage\":\"ru-RU\",\"potentialAction\":[{\"@type\":\"ReadAction\",\"target\":[\"https:\/\/capsulehostels.eu\/ru\/asukoht\/\"]}]},{\"@type\":\"BreadcrumbList\",\"@id\":\"https:\/\/capsulehostels.eu\/ru\/asukoht\/#breadcrumb\",\"itemListElement\":[{\"@type\":\"ListItem\",\"position\":1,\"name\":\"Home\",\"item\":\"https:\/\/capsulehostels.eu\/ru\/avaleht\/\"},{\"@type\":\"ListItem\",\"position\":2,\"name\":\"\u041f\u0420\u0418\u0411\u042b\u0422\u0418\u0415\"}]},{\"@type\":\"WebSite\",\"@id\":\"https:\/\/capsulehostels.eu\/#website\",\"url\":\"https:\/\/capsulehostels.eu\/\",\"name\":\"Capsule Hostels Tallinn\",\"description\":\"Esimene kapselhostel Tallinnas ja Baltikumis\",\"potentialAction\":[{\"@type\":\"SearchAction\",\"target\":{\"@type\":\"EntryPoint\",\"urlTemplate\":\"https:\/\/capsulehostels.eu\/?s={search_term_string}\"},\"query-input\":{\"@type\":\"PropertyValueSpecification\",\"valueRequired\":true,\"valueName\":\"search_term_string\"}}],\"inLanguage\":\"ru-RU\"}]}<\/script>\n<!-- \/ Yoast SEO Premium plugin. -->","yoast_head_json":{"title":"\u041f\u0420\u0418\u0411\u042b\u0422\u0418\u0415 - Capsule Hostels Tallinn","robots":{"index":"index","follow":"follow","max-snippet":"max-snippet:-1","max-image-preview":"max-image-preview:large","max-video-preview":"max-video-preview:-1"},"canonical":"https:\/\/capsulehostels.eu\/ru\/asukoht\/","og_locale":"ru_RU","og_type":"article","og_title":"\u041f\u0420\u0418\u0411\u042b\u0422\u0418\u0415","og_description":"[vc_row full_width=&#187;stretch_row_content_no_spaces&#187; shadow_x_offset=&#187;0&#8243; shadow_y_offset=&#187;0&#8243; shadow_blur=&#187;0&#8243; shadow_spread=&#187;0&#8243; shadow_color=&#187;&#187; css=&#187;.vc_custom_1579187059008{margin-top: -60px !important;margin-bottom: -50px !important;}&#187;][vc_column][vc_column_text][\/vc_column_text][\/vc_column][\/vc_row][vc_row full_width=&#187;stretch_row&#187; shadow_x_offset=&#187;0&#8243; shadow_y_offset=&#187;0&#8243; shadow_blur=&#187;0&#8243; shadow_spread=&#187;0&#8243; shadow_color=&#187;&#187; css=&#187;.vc_custom_1579246822214{padding-bottom: 20px !important;background-color: #00b3e3 !important;}&#187;][vc_column width=&#187;1\/4&#8243; shadow_x_offset=&#187;0&#8243; shadow_y_offset=&#187;0&#8243; shadow_blur=&#187;0&#8243; shadow_spread=&#187;0&#8243; shadow_color=&#187;&#187; css=&#187;.vc_custom_1579246937522{padding-top: 25px !important;}&#187;][vc_column_text] \u0418\u0437 \u0446\u0435\u043d\u0442\u0440\u0430 \u0422\u0430\u043b\u043b\u0438\u043d\u043d\u0430 [\/vc_column_text][vc_column_text css=&#187;.vc_custom_1579189087228{margin-top: -40px !important;}&#187;] 2 km [\/vc_column_text][\/vc_column][vc_column width=&#187;1\/4&#8243; shadow_x_offset=&#187;0&#8243; shadow_y_offset=&#187;0&#8243; shadow_blur=&#187;0&#8243; shadow_spread=&#187;0&#8243; shadow_color=&#187;&#187; css=&#187;.vc_custom_1579246945493{padding-top: 25px !important;}&#187;][vc_column_text] \u0418\u0437 \u0430\u044d\u0440\u043e\u043f\u043e\u0440\u0442\u0430 \u0438 \u0433\u0430\u0432\u0430\u043d\u0438 [&hellip;]","og_url":"https:\/\/capsulehostels.eu\/ru\/asukoht\/","og_site_name":"Capsule Hostels Tallinn","article_publisher":"https:\/\/www.facebook.com\/capsulehostels\/","article_modified_time":"2020-02-27T09:37:03+00:00","twitter_card":"summary_large_image","twitter_misc":{"\u041f\u0440\u0438\u043c\u0435\u0440\u043d\u043e\u0435 \u0432\u0440\u0435\u043c\u044f \u0434\u043b\u044f \u0447\u0442\u0435\u043d\u0438\u044f":"3 \u043c\u0438\u043d\u0443\u0442\u044b"},"schema":{"@context":"https:\/\/schema.org","@graph":[{"@type":"WebPage","@id":"https:\/\/capsulehostels.eu\/ru\/asukoht\/","url":"https:\/\/capsulehostels.eu\/ru\/asukoht\/","name":"\u041f\u0420\u0418\u0411\u042b\u0422\u0418\u0415 - Capsule Hostels Tallinn","isPartOf":{"@id":"https:\/\/capsulehostels.eu\/#website"},"datePublished":"2019-12-16T18:40:41+00:00","dateModified":"2020-02-27T09:37:03+00:00","breadcrumb":{"@id":"https:\/\/capsulehostels.eu\/ru\/asukoht\/#breadcrumb"},"inLanguage":"ru-RU","potentialAction":[{"@type":"ReadAction","target":["https:\/\/capsulehostels.eu\/ru\/asukoht\/"]}]},{"@type":"BreadcrumbList","@id":"https:\/\/capsulehostels.eu\/ru\/asukoht\/#breadcrumb","itemListElement":[{"@type":"ListItem","position":1,"name":"Home","item":"https:\/\/capsulehostels.eu\/ru\/avaleht\/"},{"@type":"ListItem","position":2,"name":"\u041f\u0420\u0418\u0411\u042b\u0422\u0418\u0415"}]},{"@type":"WebSite","@id":"https:\/\/capsulehostels.eu\/#website","url":"https:\/\/capsulehostels.eu\/","name":"Capsule Hostels Tallinn","description":"Esimene kapselhostel Tallinnas ja Baltikumis","potentialAction":[{"@type":"SearchAction","target":{"@type":"EntryPoint","urlTemplate":"https:\/\/capsulehostels.eu\/?s={search_term_string}"},"query-input":{"@type":"PropertyValueSpecification","valueRequired":true,"valueName":"search_term_string"}}],"inLanguage":"ru-RU"}]}},"_links":{"self":[{"href":"https:\/\/capsulehostels.eu\/ru\/wp-json\/wp\/v2\/pages\/3014","targetHints":{"allow":["GET"]}}],"collection":[{"href":"https:\/\/capsulehostels.eu\/ru\/wp-json\/wp\/v2\/pages"}],"about":[{"href":"https:\/\/capsulehostels.eu\/ru\/wp-json\/wp\/v2\/types\/page"}],"author":[{"embeddable":true,"href":"https:\/\/capsulehostels.eu\/ru\/wp-json\/wp\/v2\/users\/8"}],"replies":[{"embeddable":true,"href":"https:\/\/capsulehostels.eu\/ru\/wp-json\/wp\/v2\/comments?post=3014"}],"version-history":[{"count":3,"href":"https:\/\/capsulehostels.eu\/ru\/wp-json\/wp\/v2\/pages\/3014\/revisions"}],"predecessor-version":[{"id":3079,"href":"https:\/\/capsulehostels.eu\/ru\/wp-json\/wp\/v2\/pages\/3014\/revisions\/3079"}],"wp:attachment":[{"href":"https:\/\/capsulehostels.eu\/ru\/wp-json\/wp\/v2\/media?parent=3014"}],"curies":[{"name":"wp","href":"https:\/\/api.w.org\/{rel}","templated":true}]}}