{"id":3007,"date":"2020-01-23T18:50:47","date_gmt":"2020-01-23T16:50:47","guid":{"rendered":"https:\/\/capsulehostels.eu\/tingimused\/"},"modified":"2020-02-27T10:40:46","modified_gmt":"2020-02-27T08:40:46","slug":"tingimused","status":"publish","type":"page","link":"https:\/\/capsulehostels.eu\/ru\/tingimused\/","title":{"rendered":"TINGIMUSED"},"content":{"rendered":"<div class=\"wpb-content-wrapper\"><p>[vc_row][vc_column][vc_custom_heading text=&#187;TINGIMUSED&#187; font_container=&#187;tag:h3|text_align:left&#187; use_theme_fonts=&#187;yes&#187;][vc_column_text]<\/p>\n<div><b>1. Tellimustingimused<\/b><\/div>\n<div>\u00a0 1.1. Tingimused kehtivad isiku (edaspidi Klient) ja ostukeskkonna www.capsulehostels.eu (edaspidi Capsule Hostels Tallinn broneerimiskeskkond) omaniku Capsulehostel O\u00dc vahel Capsule Hostels Tallinn broneerimiskeskkonna vahendusel teenuste ja toodete ostmisel tekkivate \u00f5igussuhete kohta.<\/div>\n<div>\u00a0 1.2. Lisaks k\u00e4esolevatele tingimustele reguleerivad Capsule Hostels Tallinn broneerimiskeskkonna vahendusel teenuste ja toodete ostmisel tekkivaid \u00f5igussuhteid Eesti Vabariigis kehtivad \u00f5igusaktid.<\/div>\n<div>\u00a0 1.3. Broneerimiskeskkonnas tohib tehinguid teha v\u00e4hemalt 18-aastane teov\u00f5imeline isik. N\u00f5uetele mittevastava isiku poolt sooritatud tellimuste tagaj\u00e4rgede eest vastutab isik, kelle pangakontot v\u00f5i krediitkaarti kasutades on tasu maksmine sooritatud.<\/div>\n<div>\u00a0 1.4. Capsule Hostels Tallinn ei m\u00fc\u00fc alkoholi alla 18-aastastele klientidele. Hostelil on \u00f5igus isiku vanuse tuvastamiseks k\u00fcsida isikut t\u00f5endavat dokumenti ning alaealise kliendi korral keelduda tellimuse t\u00e4itmisest. Alaealise poolt tehtud alkohoolseid jooke sisaldavate lisatellimuste ettemaks tagastatakse ainult alkohoolse joogi maksumuse ulatuses isikule, kelle pangakontot v\u00f5i krediitkaarti kasutades on tasu maksmine sooritatud.<\/div>\n<div><b>2. Hinnainfo<\/b><\/div>\n<div>\u00a0 2.1. K\u00f5ik hinnad on eurodes ja sisaldavad Eesti Vabariigis kehtestatud k\u00e4ibemaksusid.<\/div>\n<div>\u00a0 2.2. J\u00e4lgige t\u00e4helepanelikult valitud hinnainfot. Ettemaks on kohustuslik osadele hindadele. Kui te t\u00fchistate ettemaksutingimusega hinna, siis hostelil on \u00f5igus ettemakstud summat mitte tagastada.<\/div>\n<div>\u00a0 2.3. Kui toa v\u00f5i magamiskapsli eest ei ole eelnevalt tasutud, tuleb seda teha hostelisse saabumisel kohalikus valuutas. Hostelis saab maksta VISA ja MasterCard maksekaartidega.<\/div>\n<div><b>3. Maksetingimused ettemaksuga toodetele<\/b><\/div>\n<div>\u00a0 3.1. Kliendi poolt Capsule Hostels Tallinn broneerimiskeskkonna vahendusel ostetud teenuse\/ toote eest tuleb tasuda kogu valitud teenuse maksumus. Tasu maksmisega kinnitab klient, et ta on tutvunud k\u00f5ikide teenusepakkuja poolt broneerimiskeskkonna kaudu k\u00e4ttesaadavaks tehtud tingimuste ja reeglitega ning aktsepteerib neid.<\/div>\n<div>\u00a0 3.2. Online broneerimiskeskkonnas m\u00e4\u00e4ratud summa tasumine toimub \u00fclekandega Visa- ja MasterCard deebet- ja krediitkaardi maksetena.<\/div>\n<div>Vahetult p\u00e4rast \u00fclekande v\u00f5i kaardimakse sooritamist peab klient makse koheseks registreerimiseks kl\u00f5psama nuppu \u201etagasi kaupmehe juurde\u201c.<\/div>\n<div><b>4. Tellimine ja tellimuse kinnitus<\/b><\/div>\n<div>\u00a0 4.1.Tellimuse tegemisel sisestage tellimiss\u00fcsteemi oma nimi, telefoninumber, e-mail, aadress, saabumise kuup\u00e4ev ja \u00f6\u00f6de arv. Teie tellimus on kinnitatud, kui olete saanud tellimuse kinnituse.<\/div>\n<div><\/div>\n<div><b>5. Tellimuse t\u00fchistamine, muutmine ja raha tagastamine<\/b><\/div>\n<div>\u00a0 5.1. Majutuse ja majutuspakettide ostu puhul kehtivad majutusele ja pakettidele erinevad annulleerimise ja raha tagastamise tingimused. Majutuse ja majutuspakettide muutmise, annulleerimise ja raha tagastamise tingimused on kirjas broneerimiskeskkonnas valitud majutuse ja\/ v\u00f5i majutuspaketi hinna kirjelduses. Kui te t\u00fchistate ettemaksutingimusega hinna, siis hostelil on \u00f5igus ettemakstud summat mitte tagastada.<\/div>\n<div>\u00a0 5.2. Majutuse ja\/ v\u00f5i majutuspaketi kehtivus on majutuse ja\/ v\u00f5i majutuspaketi alguse ja l\u00f5pu kuup\u00e4ev. Kehtivusaja \u00fcletamisel muutub majutus ja\/ v\u00f5i majutuspakett kehtetuks ning see ei kuulu tagastamisele ega \u00fcmbervahetamisele.<\/div>\n<div>\u00a0 5.3. Tellimuse muutmiseks tehke uus tellimus ja t\u00fchistage eelmine. Uue tellimuse tegemisel v\u00f5ib olla muutunud hind ja saadaoleva toa kategooria.<\/div>\n<div>\u00a0 5.4. Garanteeritud tellimuse tingimused:<\/div>\n<div>K\u00f5ik tellimused peavad olema garanteeritud krediitkaardiga ja hoitakse saabumise p\u00e4evale j\u00e4rgneva p\u00e4eva kella 12.00-ni (keskp\u00e4evani). Tellimust v\u00f5ib tasuta t\u00fchistada kuni saabumisp\u00e4eva kella 14:00-ni, hilisema t\u00fchistamise v\u00f5i mittesaabumise korral on kliendil kohustus tasuda esimese \u00f6\u00f6 maksumus, va ettemaksutingimustega hindade puhul.<\/div>\n<div>\u00a0 5.5. Mittegaranteeritud tellimuse tingimused:<\/div>\n<div>Mittegaranteeritud tellimust hoitakse saabumisp\u00e4eval kella 14:00-ni. Hilisema saabumise korral tuleb tellimus garanteerida krediitkaardiga.<\/div>\n<div><b>6. Konfidentsiaalsus<\/b><\/div>\n<div>\u00a0 6.1. Online broneerimiskeskkonnas tellimuse ja ostu sooritamisel esitatud isikuandmed on konfidentsiaalsed ja neid t\u00f6\u00f6deldakse vastavalt isikuandmete seaduse n\u00f5uetele. Capsulehostel O\u00dc ei avalikusta kliendi isikuandmeid kolmandatele osapooltele ilma Kliendi n\u00f5usolekuta.<\/div>\n<div><b>7. Hosteli kohustused k\u00fclalise ees ja lisainfo hosteli kohta<\/b><\/div>\n<div>\u00a0 7.1. Kui olete saanud toa v\u00f5i voodikoha tellimuse kinnituse, kuid selgub, et hostel ei saa teile v\u00f5imaldada tellitud tuba v\u00f5i voodikohta, on hostelil kohustus pakkuda teile lisamaksuta paremat toakategooriat v\u00f5i siis tuba sama tasemega hostelis v\u00f5i hostelis.<\/div>\n<div>\u00a0 7.2. Saabumine ja lahkumine. Tellitud tuba v\u00f5i voodikoht on teie kasutuses saabumisp\u00e4eval alates kell 14:00 kuni lahkumise p\u00e4eva kella 12:00.<\/div>\n<div>\u00a0 7.3. Suitsetamise reeglid.<\/div>\n<div>Meie hostelis on suitsetamine keelatud.<\/div>\n<div>\u00a0 7.4. Laste hinnapoliitika.<\/div>\n<div>Lapsed vanuses 0-4 a on tasuta. Lastele alates 5. eluaastast kehtib t\u00e4iskasvanu hind. Lapsi vanuses 5-16 on lubatud majutuskohta ainult t\u00e4iskasvanud saatjaga. Beebivoodit ei pakuta.<\/div>\n<div>\u00a0 7.5. Parkimine on v\u00f5imalik sisehoovis, mis on lukustatud ja kaamereavalvega eelneval kokkuleppel hinnaga 5 eur\/\u00f6\u00f6p\u00e4ev. Parkimine \u00fcmbritsevatel t\u00e4navatel on tasuta, va eraparklad.<\/div>\n<div><b>8. Muu<\/b><\/div>\n<div>\u00a0 8.1 Kliendi ja Capsule Hostels Tallinn vahel broneerimiskeskkonna vahendusel teenuste tellimisel ja ostmisel tekkinud vaidlused lahendatakse l\u00e4bir\u00e4\u00e4kimiste teel. Kokkuleppe mittesaavutamisel on Kliendil \u00f5igus p\u00f6\u00f6rduda oma \u00f5iguste kaitseks Tarbijakaitseametisse. Vaidluste ning k\u00e4esolevates tingimustes mitte v\u00e4lja toodud k\u00fcsimuste lahendamisel l\u00e4htutakse Eesti Vabariigis kehtivatest \u00f5igusaktidest.<\/div>\n<div><\/div>\n<div><strong>Andmed<\/strong><\/div>\n<div>Capsulehostel O\u00dc<\/div>\n<div>Reg.nr: 14629227<\/div>\n<div>KMKR: EE102214011<\/div>\n<div>Aadress: P\u00e4rnu mnt 106, Tallinn, Harjumaa, Eesti<\/div>\n<div>Telefon: +372 5163210<\/div>\n<div>E-mail: info@capsulehostels.eu<\/div>\n<div>Kodulehek\u00fclg: www.capsulehostels.eu<\/div>\n<div><\/div>\n<div>Bank: AS LHV BANK<\/div>\n<div>IBAN code:\u00a0EE547700771003449191<\/div>\n<div>SWIFT code: LHVBEE22<\/div>\n<div>Panga kood: 689<\/div>\n<p>[\/vc_column_text][\/vc_column][\/vc_row]<\/p>\n<\/div>","protected":false},"excerpt":{"rendered":"<p>[vc_row][vc_column][vc_custom_heading text=&#187;TINGIMUSED&#187; font_container=&#187;tag:h3|text_align:left&#187; use_theme_fonts=&#187;yes&#187;][vc_column_text] 1. Tellimustingimused \u00a0 1.1. Tingimused kehtivad isiku (edaspidi Klient) ja ostukeskkonna www.capsulehostels.eu (edaspidi Capsule Hostels Tallinn broneerimiskeskkond) omaniku Capsulehostel O\u00dc vahel Capsule Hostels Tallinn broneerimiskeskkonna vahendusel teenuste ja toodete ostmisel tekkivate \u00f5igussuhete kohta. \u00a0 1.2. Lisaks k\u00e4esolevatele tingimustele reguleerivad Capsule Hostels Tallinn broneerimiskeskkonna vahendusel teenuste ja toodete ostmisel tekkivaid \u00f5igussuhteid Eesti [&hellip;]<\/p>\n","protected":false},"author":8,"featured_media":0,"parent":0,"menu_order":0,"comment_status":"closed","ping_status":"closed","template":"","meta":{"_monsterinsights_skip_tracking":false,"_monsterinsights_sitenote_active":false,"_monsterinsights_sitenote_note":"","_monsterinsights_sitenote_category":0,"footnotes":""},"class_list":["post-3007","page","type-page","status-publish","hentry"],"yoast_head":"<!-- This site is optimized with the Yoast SEO Premium plugin v25.8 (Yoast SEO v27.1.1) - https:\/\/yoast.com\/product\/yoast-seo-premium-wordpress\/ -->\n<title>TINGIMUSED - Capsule Hostels Tallinn<\/title>\n<meta name=\"robots\" content=\"index, follow, max-snippet:-1, max-image-preview:large, max-video-preview:-1\" \/>\n<link rel=\"canonical\" href=\"https:\/\/capsulehostels.eu\/ru\/tingimused\/\" \/>\n<meta property=\"og:locale\" content=\"ru_RU\" \/>\n<meta property=\"og:type\" content=\"article\" \/>\n<meta property=\"og:title\" content=\"TINGIMUSED\" \/>\n<meta property=\"og:description\" content=\"[vc_row][vc_column][vc_custom_heading text=&#187;TINGIMUSED&#187; font_container=&#187;tag:h3|text_align:left&#187; use_theme_fonts=&#187;yes&#187;][vc_column_text] 1. Tellimustingimused \u00a0 1.1. Tingimused kehtivad isiku (edaspidi Klient) ja ostukeskkonna www.capsulehostels.eu (edaspidi Capsule Hostels Tallinn broneerimiskeskkond) omaniku Capsulehostel O\u00dc vahel Capsule Hostels Tallinn broneerimiskeskkonna vahendusel teenuste ja toodete ostmisel tekkivate \u00f5igussuhete kohta. \u00a0 1.2. Lisaks k\u00e4esolevatele tingimustele reguleerivad Capsule Hostels Tallinn broneerimiskeskkonna vahendusel teenuste ja toodete ostmisel tekkivaid \u00f5igussuhteid Eesti [&hellip;]\" \/>\n<meta property=\"og:url\" content=\"https:\/\/capsulehostels.eu\/ru\/tingimused\/\" \/>\n<meta property=\"og:site_name\" content=\"Capsule Hostels Tallinn\" \/>\n<meta property=\"article:publisher\" content=\"https:\/\/www.facebook.com\/capsulehostels\/\" \/>\n<meta property=\"article:modified_time\" content=\"2020-02-27T08:40:46+00:00\" \/>\n<meta name=\"twitter:card\" content=\"summary_large_image\" \/>\n<meta name=\"twitter:label1\" content=\"\u041f\u0440\u0438\u043c\u0435\u0440\u043d\u043e\u0435 \u0432\u0440\u0435\u043c\u044f \u0434\u043b\u044f \u0447\u0442\u0435\u043d\u0438\u044f\" \/>\n\t<meta name=\"twitter:data1\" content=\"4 \u043c\u0438\u043d\u0443\u0442\u044b\" \/>\n<script type=\"application\/ld+json\" class=\"yoast-schema-graph\">{\"@context\":\"https:\/\/schema.org\",\"@graph\":[{\"@type\":\"WebPage\",\"@id\":\"https:\/\/capsulehostels.eu\/ru\/tingimused\/\",\"url\":\"https:\/\/capsulehostels.eu\/ru\/tingimused\/\",\"name\":\"TINGIMUSED - Capsule Hostels Tallinn\",\"isPartOf\":{\"@id\":\"https:\/\/capsulehostels.eu\/#website\"},\"datePublished\":\"2020-01-23T16:50:47+00:00\",\"dateModified\":\"2020-02-27T08:40:46+00:00\",\"breadcrumb\":{\"@id\":\"https:\/\/capsulehostels.eu\/ru\/tingimused\/#breadcrumb\"},\"inLanguage\":\"ru-RU\",\"potentialAction\":[{\"@type\":\"ReadAction\",\"target\":[\"https:\/\/capsulehostels.eu\/ru\/tingimused\/\"]}]},{\"@type\":\"BreadcrumbList\",\"@id\":\"https:\/\/capsulehostels.eu\/ru\/tingimused\/#breadcrumb\",\"itemListElement\":[{\"@type\":\"ListItem\",\"position\":1,\"name\":\"Home\",\"item\":\"https:\/\/capsulehostels.eu\/ru\/avaleht\/\"},{\"@type\":\"ListItem\",\"position\":2,\"name\":\"TINGIMUSED\"}]},{\"@type\":\"WebSite\",\"@id\":\"https:\/\/capsulehostels.eu\/#website\",\"url\":\"https:\/\/capsulehostels.eu\/\",\"name\":\"Capsule Hostels Tallinn\",\"description\":\"Esimene kapselhostel Tallinnas ja Baltikumis\",\"potentialAction\":[{\"@type\":\"SearchAction\",\"target\":{\"@type\":\"EntryPoint\",\"urlTemplate\":\"https:\/\/capsulehostels.eu\/?s={search_term_string}\"},\"query-input\":{\"@type\":\"PropertyValueSpecification\",\"valueRequired\":true,\"valueName\":\"search_term_string\"}}],\"inLanguage\":\"ru-RU\"}]}<\/script>\n<!-- \/ Yoast SEO Premium plugin. -->","yoast_head_json":{"title":"TINGIMUSED - Capsule Hostels Tallinn","robots":{"index":"index","follow":"follow","max-snippet":"max-snippet:-1","max-image-preview":"max-image-preview:large","max-video-preview":"max-video-preview:-1"},"canonical":"https:\/\/capsulehostels.eu\/ru\/tingimused\/","og_locale":"ru_RU","og_type":"article","og_title":"TINGIMUSED","og_description":"[vc_row][vc_column][vc_custom_heading text=&#187;TINGIMUSED&#187; font_container=&#187;tag:h3|text_align:left&#187; use_theme_fonts=&#187;yes&#187;][vc_column_text] 1. Tellimustingimused \u00a0 1.1. Tingimused kehtivad isiku (edaspidi Klient) ja ostukeskkonna www.capsulehostels.eu (edaspidi Capsule Hostels Tallinn broneerimiskeskkond) omaniku Capsulehostel O\u00dc vahel Capsule Hostels Tallinn broneerimiskeskkonna vahendusel teenuste ja toodete ostmisel tekkivate \u00f5igussuhete kohta. \u00a0 1.2. Lisaks k\u00e4esolevatele tingimustele reguleerivad Capsule Hostels Tallinn broneerimiskeskkonna vahendusel teenuste ja toodete ostmisel tekkivaid \u00f5igussuhteid Eesti [&hellip;]","og_url":"https:\/\/capsulehostels.eu\/ru\/tingimused\/","og_site_name":"Capsule Hostels Tallinn","article_publisher":"https:\/\/www.facebook.com\/capsulehostels\/","article_modified_time":"2020-02-27T08:40:46+00:00","twitter_card":"summary_large_image","twitter_misc":{"\u041f\u0440\u0438\u043c\u0435\u0440\u043d\u043e\u0435 \u0432\u0440\u0435\u043c\u044f \u0434\u043b\u044f \u0447\u0442\u0435\u043d\u0438\u044f":"4 \u043c\u0438\u043d\u0443\u0442\u044b"},"schema":{"@context":"https:\/\/schema.org","@graph":[{"@type":"WebPage","@id":"https:\/\/capsulehostels.eu\/ru\/tingimused\/","url":"https:\/\/capsulehostels.eu\/ru\/tingimused\/","name":"TINGIMUSED - Capsule Hostels Tallinn","isPartOf":{"@id":"https:\/\/capsulehostels.eu\/#website"},"datePublished":"2020-01-23T16:50:47+00:00","dateModified":"2020-02-27T08:40:46+00:00","breadcrumb":{"@id":"https:\/\/capsulehostels.eu\/ru\/tingimused\/#breadcrumb"},"inLanguage":"ru-RU","potentialAction":[{"@type":"ReadAction","target":["https:\/\/capsulehostels.eu\/ru\/tingimused\/"]}]},{"@type":"BreadcrumbList","@id":"https:\/\/capsulehostels.eu\/ru\/tingimused\/#breadcrumb","itemListElement":[{"@type":"ListItem","position":1,"name":"Home","item":"https:\/\/capsulehostels.eu\/ru\/avaleht\/"},{"@type":"ListItem","position":2,"name":"TINGIMUSED"}]},{"@type":"WebSite","@id":"https:\/\/capsulehostels.eu\/#website","url":"https:\/\/capsulehostels.eu\/","name":"Capsule Hostels Tallinn","description":"Esimene kapselhostel Tallinnas ja Baltikumis","potentialAction":[{"@type":"SearchAction","target":{"@type":"EntryPoint","urlTemplate":"https:\/\/capsulehostels.eu\/?s={search_term_string}"},"query-input":{"@type":"PropertyValueSpecification","valueRequired":true,"valueName":"search_term_string"}}],"inLanguage":"ru-RU"}]}},"_links":{"self":[{"href":"https:\/\/capsulehostels.eu\/ru\/wp-json\/wp\/v2\/pages\/3007","targetHints":{"allow":["GET"]}}],"collection":[{"href":"https:\/\/capsulehostels.eu\/ru\/wp-json\/wp\/v2\/pages"}],"about":[{"href":"https:\/\/capsulehostels.eu\/ru\/wp-json\/wp\/v2\/types\/page"}],"author":[{"embeddable":true,"href":"https:\/\/capsulehostels.eu\/ru\/wp-json\/wp\/v2\/users\/8"}],"replies":[{"embeddable":true,"href":"https:\/\/capsulehostels.eu\/ru\/wp-json\/wp\/v2\/comments?post=3007"}],"version-history":[{"count":1,"href":"https:\/\/capsulehostels.eu\/ru\/wp-json\/wp\/v2\/pages\/3007\/revisions"}],"predecessor-version":[{"id":3008,"href":"https:\/\/capsulehostels.eu\/ru\/wp-json\/wp\/v2\/pages\/3007\/revisions\/3008"}],"wp:attachment":[{"href":"https:\/\/capsulehostels.eu\/ru\/wp-json\/wp\/v2\/media?parent=3007"}],"curies":[{"name":"wp","href":"https:\/\/api.w.org\/{rel}","templated":true}]}}