{"id":168,"date":"2018-06-05T04:15:54","date_gmt":"2018-06-05T04:15:54","guid":{"rendered":"http:\/\/multipurpose.loc\/hotel\/?page_id=168"},"modified":"2020-03-16T16:16:36","modified_gmt":"2020-03-16T14:16:36","slug":"location","status":"publish","type":"page","link":"https:\/\/capsulehostels.eu\/en\/location\/","title":{"rendered":"LOCATION"},"content":{"rendered":"<div class=\"wpb-content-wrapper\"><p>[vc_row full_width=&#8221;stretch_row_content_no_spaces&#8221; shadow_x_offset=&#8221;0&#8243; shadow_y_offset=&#8221;0&#8243; shadow_blur=&#8221;0&#8243; shadow_spread=&#8221;0&#8243; shadow_color=&#8221;&#8221; css=&#8221;.vc_custom_1576778588755{margin-top: -60px !important;margin-bottom: -60px !important;}&#8221;][vc_column][vc_column_text]<iframe loading=\"lazy\" style=\"border: 0;\" src=\"https:\/\/www.google.com\/maps\/embed?pb=!1m18!1m12!1m3!1d2030.0387544561502!2d24.73721731607585!3d59.41574848168916!2m3!1f0!2f0!3f0!3m2!1i1024!2i768!4f13.1!3m3!1m2!1s0x4692953cef2cf315%3A0xf262893b87ffc6fc!2sCapsulehostel%20O%C3%9C!5e0!3m2!1set!2see!4v1576522734981!5m2!1set!2see\" width=\"100%\" height=\"400\" frameborder=\"0\" allowfullscreen=\"allowfullscreen\"><\/iframe>[\/vc_column_text][\/vc_column][\/vc_row][vc_row full_width=&#8221;stretch_row&#8221; shadow_x_offset=&#8221;0&#8243; shadow_y_offset=&#8221;0&#8243; shadow_blur=&#8221;0&#8243; shadow_spread=&#8221;0&#8243; shadow_color=&#8221;&#8221; css=&#8221;.vc_custom_1576778803789{margin-top: -30px !important;padding-bottom: 20px !important;background-color: #00b3e3 !important;}&#8221;][vc_column width=&#8221;1\/4&#8243; shadow_x_offset=&#8221;0&#8243; shadow_y_offset=&#8221;0&#8243; shadow_blur=&#8221;0&#8243; shadow_spread=&#8221;0&#8243; shadow_color=&#8221;&#8221; css=&#8221;.vc_custom_1579632064807{padding-top: 25px !important;}&#8221;][vc_column_text]<\/p>\n<h5 style=\"text-align: center;\">From the heart of Tallinn<\/h5>\n<p>[\/vc_column_text][vc_column_text css=&#8221;.vc_custom_1579632232230{margin-top: -40px !important;}&#8221;]<\/p>\n<h1 style=\"text-align: center;\"><span style=\"color: #ffffff;\">2 km<\/span><\/h1>\n<p>[\/vc_column_text][\/vc_column][vc_column width=&#8221;1\/4&#8243; shadow_x_offset=&#8221;0&#8243; shadow_y_offset=&#8221;0&#8243; shadow_blur=&#8221;0&#8243; shadow_spread=&#8221;0&#8243; shadow_color=&#8221;&#8221; css=&#8221;.vc_custom_1579632072048{padding-top: 25px !important;}&#8221;][vc_column_text]<\/p>\n<h5 style=\"text-align: center;\">From the airport &amp; port<\/h5>\n<p>[\/vc_column_text][vc_column_text css=&#8221;.vc_custom_1580065544581{margin-top: -40px !important;}&#8221;]<\/p>\n<h1 style=\"text-align: center;\"><span style=\"color: #ffffff;\">4 km<\/span><\/h1>\n<p>[\/vc_column_text][\/vc_column][vc_column width=&#8221;1\/4&#8243; shadow_x_offset=&#8221;0&#8243; shadow_y_offset=&#8221;0&#8243; shadow_blur=&#8221;0&#8243; shadow_spread=&#8221;0&#8243; shadow_color=&#8221;&#8221; css=&#8221;.vc_custom_1579632077948{padding-top: 25px !important;}&#8221;][vc_column_text]<\/p>\n<h5 style=\"text-align: center;\">From Tallinn bus station<\/h5>\n<p>[\/vc_column_text][vc_column_text css=&#8221;.vc_custom_1580065536265{margin-top: -40px !important;}&#8221;]<\/p>\n<h1 style=\"text-align: center;\"><span style=\"color: #ffffff;\">2,5 km<\/span><\/h1>\n<p>[\/vc_column_text][\/vc_column][vc_column width=&#8221;1\/4&#8243; shadow_x_offset=&#8221;0&#8243; shadow_y_offset=&#8221;0&#8243; shadow_blur=&#8221;0&#8243; shadow_spread=&#8221;0&#8243; shadow_color=&#8221;&#8221; css=&#8221;.vc_custom_1580065594357{padding-top: 25px !important;}&#8221;][vc_column_text]<\/p>\n<h5 style=\"text-align: center;\">From the Baltic station<\/h5>\n<p>[\/vc_column_text][vc_column_text css=&#8221;.vc_custom_1580065585761{margin-top: -40px !important;}&#8221;]<\/p>\n<h1 style=\"text-align: center;\"><span style=\"color: #ffffff;\">3 km<\/span><\/h1>\n<p>[\/vc_column_text][\/vc_column][\/vc_row][vc_row shadow_x_offset=&#8221;0&#8243; shadow_y_offset=&#8221;0&#8243; shadow_blur=&#8221;0&#8243; shadow_spread=&#8221;0&#8243; shadow_color=&#8221;&#8221; css=&#8221;.vc_custom_1576873392037{padding-top: 40px !important;}&#8221;][vc_column width=&#8221;1\/2&#8243;][vc_column_text css=&#8221;.vc_custom_1582717433460{margin-top: 40px !important;}&#8221;]You can purchase a transport card at the R-kiosk upon arrival or online in advance here <a href=\"https:\/\/tallinn.pilet.ee\/buy\">https:\/\/tallinn.pilet.ee\/buy .<\/a><br \/>\nMore info about public transport and route planner <a href=\"https:\/\/transport.tallinn.ee\/\" target=\"_blank\" rel=\"noopener noreferrer\">https:\/\/transport.tallinn.ee\/<\/a><\/p>\n<p>The most convenient way to get to us from the port is by taxi (depending on the travel provider 5-10 euros, we recommend <a href=\"https:\/\/bolt.eu\/en\/\" target=\"_blank\" rel=\"noopener noreferrer\"><strong>Bolt<\/strong><\/a>.[\/vc_column_text][\/vc_column][vc_column width=&#8221;1\/2&#8243;][stm_carousel_gallery images_effect=&#8221;0&#8243; lightgallery=&#8221;disable&#8221; images_margin=&#8221;5&#8243; navigation_style=&#8221;style_1&#8243; thumbnails=&#8221;disable&#8221; description=&#8221;disable&#8221; pagination=&#8221;disable&#8221; css_animation=&#8221;slideInRight&#8221; images=&#8221;2661,2663,2161&#8243; image_size=&#8221;full&#8221; css=&#8221;.vc_custom_1579631781022{margin-right: -15px !important;margin-left: -15px !important;}&#8221;][\/vc_column][\/vc_row][vc_row disable_element=&#8221;yes&#8221; bg_pos=&#8221;100%&#8221; shadow_x_offset=&#8221;0&#8243; shadow_y_offset=&#8221;0&#8243; shadow_blur=&#8221;0&#8243; shadow_spread=&#8221;0&#8243; shadow_color=&#8221;&#8221; css=&#8221;.vc_custom_1576778710603{padding-top: 20px !important;}&#8221;][vc_column shadow_x_offset=&#8221;0&#8243; shadow_y_offset=&#8221;0&#8243; shadow_blur=&#8221;0&#8243; shadow_spread=&#8221;0&#8243; offset=&#8221;vc_col-lg-8 vc_col-md-8&#8243;][vc_custom_heading text=&#8221;V\u00f5ta meiega \u00fchendust&#8221; use_theme_fonts=&#8221;yes&#8221;][vc_column_text]K\u00fcsimuste v\u00f5i probleemide korral v\u00f5tke meiega \u00fchendust. K\u00f5ikidele kirjadele vastame 24h jooksul.[\/vc_column_text][stm_contact_form_7 form=&#8221;172&#8243; style=&#8221;style_3&#8243;][\/vc_column][vc_column shadow_x_offset=&#8221;0&#8243; shadow_y_offset=&#8221;0&#8243; shadow_blur=&#8221;0&#8243; shadow_spread=&#8221;0&#8243; offset=&#8221;vc_col-lg-4 vc_col-md-4&#8243;][stm_contacts_widget style=&#8221;style_2&#8243; address=&#8221;P\u00e4rnu mnt 106, Tallinn, Estonia&#8221; phone=&#8221;+372 501 2092&#8243; email=&#8221;info@capsulehostels.eu&#8221; css=&#8221;.vc_custom_1575400043128{background-color: #00b3e3 !important;background-position: center !important;background-repeat: no-repeat !important;background-size: cover !important;}&#8221;][\/vc_column][\/vc_row][vc_row full_width=&#8221;stretch_row_content_no_spaces&#8221; shadow_x_offset=&#8221;0&#8243; shadow_y_offset=&#8221;0&#8243; shadow_blur=&#8221;0&#8243; shadow_spread=&#8221;0&#8243;][vc_column][vc_separator][vc_column_text]\n<div id=\"sb_instagram\"  class=\"sbi sbi_mob_col_2 sbi_tab_col_2 sbi_col_5 sbi_width_resp sbi-theme sbi-default_theme sbi-style-regular\" style=\"padding-bottom: 10px; width: 1200px;\" data-post-style=\"regular\"\t data-feedid=\"sbi_+FUNINCAPSULEKAPSELHOSTELCAPSUJap#10\"  data-res=\"auto\" data-cols=\"5\" data-colsmobile=\"2\" data-colstablet=\"2\" data-num=\"10\" data-nummobile=\"6\" data-header-size=\"small\" data-item-padding=\"5\"\t data-shortcode-atts=\"{}\"  data-postid=\"168\" data-locatornonce=\"def33d0624\" data-options=\"{&quot;grid&quot;:true,&quot;avatars&quot;:[],&quot;lightboxcomments&quot;:10,&quot;colsmobile&quot;:2,&quot;colstablet&quot;:2,&quot;captionsize&quot;:13,&quot;captionlength&quot;:50,&quot;imageaspectratio&quot;:&quot;1:1&quot;}\" data-sbi-flags=\"ajaxPostLoad,gdpr\">\n\n\t\n\t<div id=\"sbi_images\" style=\"gap: 10px;\">\n\t\t\t<\/div>\n\n\t<div id=\"sbi_load\" >\n\n\t\n\t\n<\/div>\n\n\t\t<span class=\"sbi_resized_image_data\" data-feed-id=\"sbi_+FUNINCAPSULEKAPSELHOSTELCAPSUJap#10\"\n\t\t  data-resized=\"[]\">\n\t<\/span>\n\t\n<\/div>\n\n<script type=\"text\/javascript\">var sb_instagram_js_options = {\"font_method\":\"svg\",\"placeholder\":\"https:\\\/\\\/capsulehostels.eu\\\/wp-content\\\/plugins\\\/instagram-feed-pro\\\/img\\\/placeholder.png\",\"resized_url\":\"https:\\\/\\\/capsulehostels.eu\\\/wp-content\\\/uploads\\\/sb-instagram-feed-images\\\/\",\"br_adjust\":true,\"ajax_url\":\"https:\\\/\\\/capsulehostels.eu\\\/wp-admin\\\/admin-ajax.php\"};<\/script><script type='text\/javascript' src='https:\/\/capsulehostels.eu\/wp-content\/plugins\/instagram-feed-pro\/js\/sbi-scripts.min.js?ver=6.9.0'><\/script>[\/vc_column_text][\/vc_column][\/vc_row]<\/p>\n<\/div>","protected":false},"excerpt":{"rendered":"<p>[vc_row full_width=&#8221;stretch_row_content_no_spaces&#8221; shadow_x_offset=&#8221;0&#8243; shadow_y_offset=&#8221;0&#8243; shadow_blur=&#8221;0&#8243; shadow_spread=&#8221;0&#8243; shadow_color=&#8221;&#8221; css=&#8221;.vc_custom_1576778588755{margin-top: -60px !important;margin-bottom: -60px !important;}&#8221;][vc_column][vc_column_text][\/vc_column_text][\/vc_column][\/vc_row][vc_row full_width=&#8221;stretch_row&#8221; shadow_x_offset=&#8221;0&#8243; shadow_y_offset=&#8221;0&#8243; shadow_blur=&#8221;0&#8243; shadow_spread=&#8221;0&#8243; shadow_color=&#8221;&#8221; css=&#8221;.vc_custom_1576778803789{margin-top: -30px !important;padding-bottom: 20px !important;background-color: #00b3e3 !important;}&#8221;][vc_column width=&#8221;1\/4&#8243; shadow_x_offset=&#8221;0&#8243; shadow_y_offset=&#8221;0&#8243; shadow_blur=&#8221;0&#8243; shadow_spread=&#8221;0&#8243; shadow_color=&#8221;&#8221; css=&#8221;.vc_custom_1579632064807{padding-top: 25px !important;}&#8221;][vc_column_text] From the heart of Tallinn [\/vc_column_text][vc_column_text css=&#8221;.vc_custom_1579632232230{margin-top: -40px !important;}&#8221;] 2 km [\/vc_column_text][\/vc_column][vc_column width=&#8221;1\/4&#8243; shadow_x_offset=&#8221;0&#8243; shadow_y_offset=&#8221;0&#8243; shadow_blur=&#8221;0&#8243; shadow_spread=&#8221;0&#8243; shadow_color=&#8221;&#8221; css=&#8221;.vc_custom_1579632072048{padding-top: 25px !important;}&#8221;][vc_column_text] [&hellip;]<\/p>\n","protected":false},"author":8,"featured_media":0,"parent":0,"menu_order":0,"comment_status":"closed","ping_status":"closed","template":"","meta":{"_monsterinsights_skip_tracking":false,"_monsterinsights_sitenote_active":false,"_monsterinsights_sitenote_note":"","_monsterinsights_sitenote_category":0,"footnotes":""},"class_list":["post-168","page","type-page","status-publish","hentry"],"yoast_head":"<!-- This site is optimized with the Yoast SEO Premium plugin v25.8 (Yoast SEO v27.1.1) - https:\/\/yoast.com\/product\/yoast-seo-premium-wordpress\/ -->\n<title>LOCATION - Capsule Hostels Tallinn<\/title>\n<meta name=\"robots\" content=\"index, follow, max-snippet:-1, max-image-preview:large, max-video-preview:-1\" \/>\n<link rel=\"canonical\" href=\"https:\/\/capsulehostels.eu\/en\/location\/\" \/>\n<meta property=\"og:locale\" content=\"en_US\" \/>\n<meta property=\"og:type\" content=\"article\" \/>\n<meta property=\"og:title\" content=\"LOCATION\" \/>\n<meta property=\"og:description\" content=\"[vc_row full_width=&#8221;stretch_row_content_no_spaces&#8221; shadow_x_offset=&#8221;0&#8243; shadow_y_offset=&#8221;0&#8243; shadow_blur=&#8221;0&#8243; shadow_spread=&#8221;0&#8243; shadow_color=&#8221;&#8221; css=&#8221;.vc_custom_1576778588755{margin-top: -60px !important;margin-bottom: -60px !important;}&#8221;][vc_column][vc_column_text][\/vc_column_text][\/vc_column][\/vc_row][vc_row full_width=&#8221;stretch_row&#8221; shadow_x_offset=&#8221;0&#8243; shadow_y_offset=&#8221;0&#8243; shadow_blur=&#8221;0&#8243; shadow_spread=&#8221;0&#8243; shadow_color=&#8221;&#8221; css=&#8221;.vc_custom_1576778803789{margin-top: -30px !important;padding-bottom: 20px !important;background-color: #00b3e3 !important;}&#8221;][vc_column width=&#8221;1\/4&#8243; shadow_x_offset=&#8221;0&#8243; shadow_y_offset=&#8221;0&#8243; shadow_blur=&#8221;0&#8243; shadow_spread=&#8221;0&#8243; shadow_color=&#8221;&#8221; css=&#8221;.vc_custom_1579632064807{padding-top: 25px !important;}&#8221;][vc_column_text] From the heart of Tallinn [\/vc_column_text][vc_column_text css=&#8221;.vc_custom_1579632232230{margin-top: -40px !important;}&#8221;] 2 km [\/vc_column_text][\/vc_column][vc_column width=&#8221;1\/4&#8243; shadow_x_offset=&#8221;0&#8243; shadow_y_offset=&#8221;0&#8243; shadow_blur=&#8221;0&#8243; shadow_spread=&#8221;0&#8243; shadow_color=&#8221;&#8221; css=&#8221;.vc_custom_1579632072048{padding-top: 25px !important;}&#8221;][vc_column_text] [&hellip;]\" \/>\n<meta property=\"og:url\" content=\"https:\/\/capsulehostels.eu\/en\/location\/\" \/>\n<meta property=\"og:site_name\" content=\"Capsule Hostels Tallinn\" \/>\n<meta property=\"article:publisher\" content=\"https:\/\/www.facebook.com\/capsulehostels\/\" \/>\n<meta property=\"article:modified_time\" content=\"2020-03-16T14:16:36+00:00\" \/>\n<meta name=\"twitter:card\" content=\"summary_large_image\" \/>\n<meta name=\"twitter:label1\" content=\"Est. reading time\" \/>\n\t<meta name=\"twitter:data1\" content=\"3 minutes\" \/>\n<script type=\"application\/ld+json\" class=\"yoast-schema-graph\">{\"@context\":\"https:\/\/schema.org\",\"@graph\":[{\"@type\":\"WebPage\",\"@id\":\"https:\/\/capsulehostels.eu\/en\/location\/\",\"url\":\"https:\/\/capsulehostels.eu\/en\/location\/\",\"name\":\"LOCATION - Capsule Hostels Tallinn\",\"isPartOf\":{\"@id\":\"https:\/\/capsulehostels.eu\/#website\"},\"datePublished\":\"2018-06-05T04:15:54+00:00\",\"dateModified\":\"2020-03-16T14:16:36+00:00\",\"breadcrumb\":{\"@id\":\"https:\/\/capsulehostels.eu\/en\/location\/#breadcrumb\"},\"inLanguage\":\"en-US\",\"potentialAction\":[{\"@type\":\"ReadAction\",\"target\":[\"https:\/\/capsulehostels.eu\/en\/location\/\"]}]},{\"@type\":\"BreadcrumbList\",\"@id\":\"https:\/\/capsulehostels.eu\/en\/location\/#breadcrumb\",\"itemListElement\":[{\"@type\":\"ListItem\",\"position\":1,\"name\":\"Home\",\"item\":\"https:\/\/capsulehostels.eu\/\"},{\"@type\":\"ListItem\",\"position\":2,\"name\":\"LOCATION\"}]},{\"@type\":\"WebSite\",\"@id\":\"https:\/\/capsulehostels.eu\/#website\",\"url\":\"https:\/\/capsulehostels.eu\/\",\"name\":\"Capsule Hostels Tallinn\",\"description\":\"Esimene kapselhostel Tallinnas ja Baltikumis\",\"potentialAction\":[{\"@type\":\"SearchAction\",\"target\":{\"@type\":\"EntryPoint\",\"urlTemplate\":\"https:\/\/capsulehostels.eu\/?s={search_term_string}\"},\"query-input\":{\"@type\":\"PropertyValueSpecification\",\"valueRequired\":true,\"valueName\":\"search_term_string\"}}],\"inLanguage\":\"en-US\"}]}<\/script>\n<!-- \/ Yoast SEO Premium plugin. -->","yoast_head_json":{"title":"LOCATION - Capsule Hostels Tallinn","robots":{"index":"index","follow":"follow","max-snippet":"max-snippet:-1","max-image-preview":"max-image-preview:large","max-video-preview":"max-video-preview:-1"},"canonical":"https:\/\/capsulehostels.eu\/en\/location\/","og_locale":"en_US","og_type":"article","og_title":"LOCATION","og_description":"[vc_row full_width=&#8221;stretch_row_content_no_spaces&#8221; shadow_x_offset=&#8221;0&#8243; shadow_y_offset=&#8221;0&#8243; shadow_blur=&#8221;0&#8243; shadow_spread=&#8221;0&#8243; shadow_color=&#8221;&#8221; css=&#8221;.vc_custom_1576778588755{margin-top: -60px !important;margin-bottom: -60px !important;}&#8221;][vc_column][vc_column_text][\/vc_column_text][\/vc_column][\/vc_row][vc_row full_width=&#8221;stretch_row&#8221; shadow_x_offset=&#8221;0&#8243; shadow_y_offset=&#8221;0&#8243; shadow_blur=&#8221;0&#8243; shadow_spread=&#8221;0&#8243; shadow_color=&#8221;&#8221; css=&#8221;.vc_custom_1576778803789{margin-top: -30px !important;padding-bottom: 20px !important;background-color: #00b3e3 !important;}&#8221;][vc_column width=&#8221;1\/4&#8243; shadow_x_offset=&#8221;0&#8243; shadow_y_offset=&#8221;0&#8243; shadow_blur=&#8221;0&#8243; shadow_spread=&#8221;0&#8243; shadow_color=&#8221;&#8221; css=&#8221;.vc_custom_1579632064807{padding-top: 25px !important;}&#8221;][vc_column_text] From the heart of Tallinn [\/vc_column_text][vc_column_text css=&#8221;.vc_custom_1579632232230{margin-top: -40px !important;}&#8221;] 2 km [\/vc_column_text][\/vc_column][vc_column width=&#8221;1\/4&#8243; shadow_x_offset=&#8221;0&#8243; shadow_y_offset=&#8221;0&#8243; shadow_blur=&#8221;0&#8243; shadow_spread=&#8221;0&#8243; shadow_color=&#8221;&#8221; css=&#8221;.vc_custom_1579632072048{padding-top: 25px !important;}&#8221;][vc_column_text] [&hellip;]","og_url":"https:\/\/capsulehostels.eu\/en\/location\/","og_site_name":"Capsule Hostels Tallinn","article_publisher":"https:\/\/www.facebook.com\/capsulehostels\/","article_modified_time":"2020-03-16T14:16:36+00:00","twitter_card":"summary_large_image","twitter_misc":{"Est. reading time":"3 minutes"},"schema":{"@context":"https:\/\/schema.org","@graph":[{"@type":"WebPage","@id":"https:\/\/capsulehostels.eu\/en\/location\/","url":"https:\/\/capsulehostels.eu\/en\/location\/","name":"LOCATION - Capsule Hostels Tallinn","isPartOf":{"@id":"https:\/\/capsulehostels.eu\/#website"},"datePublished":"2018-06-05T04:15:54+00:00","dateModified":"2020-03-16T14:16:36+00:00","breadcrumb":{"@id":"https:\/\/capsulehostels.eu\/en\/location\/#breadcrumb"},"inLanguage":"en-US","potentialAction":[{"@type":"ReadAction","target":["https:\/\/capsulehostels.eu\/en\/location\/"]}]},{"@type":"BreadcrumbList","@id":"https:\/\/capsulehostels.eu\/en\/location\/#breadcrumb","itemListElement":[{"@type":"ListItem","position":1,"name":"Home","item":"https:\/\/capsulehostels.eu\/"},{"@type":"ListItem","position":2,"name":"LOCATION"}]},{"@type":"WebSite","@id":"https:\/\/capsulehostels.eu\/#website","url":"https:\/\/capsulehostels.eu\/","name":"Capsule Hostels Tallinn","description":"Esimene kapselhostel Tallinnas ja Baltikumis","potentialAction":[{"@type":"SearchAction","target":{"@type":"EntryPoint","urlTemplate":"https:\/\/capsulehostels.eu\/?s={search_term_string}"},"query-input":{"@type":"PropertyValueSpecification","valueRequired":true,"valueName":"search_term_string"}}],"inLanguage":"en-US"}]}},"_links":{"self":[{"href":"https:\/\/capsulehostels.eu\/en\/wp-json\/wp\/v2\/pages\/168","targetHints":{"allow":["GET"]}}],"collection":[{"href":"https:\/\/capsulehostels.eu\/en\/wp-json\/wp\/v2\/pages"}],"about":[{"href":"https:\/\/capsulehostels.eu\/en\/wp-json\/wp\/v2\/types\/page"}],"author":[{"embeddable":true,"href":"https:\/\/capsulehostels.eu\/en\/wp-json\/wp\/v2\/users\/8"}],"replies":[{"embeddable":true,"href":"https:\/\/capsulehostels.eu\/en\/wp-json\/wp\/v2\/comments?post=168"}],"version-history":[{"count":55,"href":"https:\/\/capsulehostels.eu\/en\/wp-json\/wp\/v2\/pages\/168\/revisions"}],"predecessor-version":[{"id":2997,"href":"https:\/\/capsulehostels.eu\/en\/wp-json\/wp\/v2\/pages\/168\/revisions\/2997"}],"wp:attachment":[{"href":"https:\/\/capsulehostels.eu\/en\/wp-json\/wp\/v2\/media?parent=168"}],"curies":[{"name":"wp","href":"https:\/\/api.w.org\/{rel}","templated":true}]}}