{"id":1036,"date":"2018-05-25T04:39:02","date_gmt":"2018-05-25T04:39:02","guid":{"rendered":"http:\/\/multipurpose.loc\/hotel\/?page_id=7"},"modified":"2022-06-08T16:18:13","modified_gmt":"2022-06-08T14:18:13","slug":"front-page","status":"publish","type":"page","link":"https:\/\/capsulehostels.eu\/en\/","title":{"rendered":"WELCOME"},"content":{"rendered":"<div class=\"wpb-content-wrapper\"><p>[vc_row full_width=&#8221;stretch_row&#8221; shadow_x_offset=&#8221;0&#8243; shadow_y_offset=&#8221;0&#8243; shadow_blur=&#8221;0&#8243; shadow_spread=&#8221;0&#8243; shadow_color=&#8221;&#8221; el_class=&#8221;overlap&#8221; css=&#8221;.vc_custom_1542870643138{margin-top: -160px !important;}&#8221;][vc_column shadow_x_offset=&#8221;0&#8243; shadow_y_offset=&#8221;0&#8243; shadow_blur=&#8221;0&#8243; shadow_spread=&#8221;0&#8243; shadow_color=&#8221;&#8221; offset=&#8221;vc_col-lg-offset-1 vc_col-lg-10 vc_col-md-offset-1 vc_col-md-10 vc_col-xs-12&#8243;][rev_slider_vc alias=&#8221;home1&#8243;][\/vc_column][\/vc_row][vc_row shadow_x_offset=&#8221;0&#8243; shadow_y_offset=&#8221;0&#8243; shadow_blur=&#8221;0&#8243; shadow_spread=&#8221;0&#8243; shadow_color=&#8221;&#8221; css=&#8221;.vc_custom_1577012973102{margin-top: -100px !important;background-color: #0f172b !important;border-radius: 20px !important;}&#8221; el_class=&#8221;avalehtteenus&#8221;][vc_column width=&#8221;1\/3&#8243; shadow_x_offset=&#8221;0&#8243; shadow_y_offset=&#8221;0&#8243; shadow_blur=&#8221;0&#8243; shadow_spread=&#8221;0&#8243; shadow_color=&#8221;&#8221; css=&#8221;.vc_custom_1577012721371{margin-top: -80px !important;padding-bottom: 50px !important;padding-left: 60px !important;}&#8221; offset=&#8221;vc_hidden-sm vc_hidden-xs&#8221;][stm_icon_box title_custom_color=&#8221;#ffffff&#8221; icon=&#8221;stmicon-bed2&#8243; box_link=&#8221;enable&#8221; box_link_url=&#8221;url:https%3A%2F%2Frldisain.ee||target:%20_blank|&#8221; title=&#8221;REST&#8221; iconbox_css=&#8221;.vc_custom_1580492931111{padding-right: 100px !important;}&#8221;]<\/p>\n<p class=\"vc_custom_heading text-left\"><span style=\"color: #ffffff;\">Being in capsule hostel feels like being in spaceship<\/span><\/p>\n<p>[\/stm_icon_box][\/vc_column][vc_column width=&#8221;1\/3&#8243; shadow_x_offset=&#8221;0&#8243; shadow_y_offset=&#8221;0&#8243; shadow_blur=&#8221;0&#8243; shadow_spread=&#8221;0&#8243; shadow_color=&#8221;&#8221; css=&#8221;.vc_custom_1577012792514{margin-top: -80px !important;padding-bottom: 50px !important;padding-left: 40px !important;}&#8221; offset=&#8221;vc_hidden-sm vc_hidden-xs&#8221;][stm_icon_box title_custom_color=&#8221;#ffffff&#8221; icon=&#8221;stmicon-top&#8221; title=&#8221;DISCOVER&#8221; iconbox_css=&#8221;.vc_custom_1577012807104{padding-right: 90px !important;}&#8221;]<\/p>\n<p class=\"vc_custom_heading text-left\"><span style=\"color: #ffffff;\">Tallinn welcomes you with open heart and wide variety of activities and attractions<\/span><\/p>\n<p>[\/stm_icon_box][\/vc_column][vc_column width=&#8221;1\/3&#8243; shadow_x_offset=&#8221;0&#8243; shadow_y_offset=&#8221;0&#8243; shadow_blur=&#8221;0&#8243; shadow_spread=&#8221;0&#8243; shadow_color=&#8221;&#8221; css=&#8221;.vc_custom_1577012845185{margin-top: -80px !important;padding-right: 60px !important;}&#8221; offset=&#8221;vc_hidden-sm vc_hidden-xs&#8221;][stm_icon_box title_custom_color=&#8221;#ffffff&#8221; icon=&#8221;stmicon-restaurant_menu&#8221; title=&#8221;EAT&#8221; iconbox_css=&#8221;.vc_custom_1577013716969{padding-right: 90px !important;}&#8221;]<span style=\"color: #ffffff;\">Within 500 meters from Capsule Hostel there are variety of dining options<\/span>[\/stm_icon_box][\/vc_column][\/vc_row][vc_row full_width=&#8221;stretch_row&#8221; disable_element=&#8221;yes&#8221; shadow_x_offset=&#8221;0&#8243; shadow_y_offset=&#8221;0&#8243; shadow_blur=&#8221;0&#8243; shadow_spread=&#8221;0&#8243; shadow_color=&#8221;&#8221; el_class=&#8221;overlap&#8221;][vc_column css_animation=&#8221;none&#8221; shadow_x_offset=&#8221;0&#8243; shadow_y_offset=&#8221;0&#8243; shadow_blur=&#8221;0&#8243; shadow_spread=&#8221;0&#8243; shadow_color=&#8221;rgba(153,153,153,0.15)&#8221; offset=&#8221;vc_col-lg-offset-0 vc_col-lg-12 vc_col-md-offset-0 vc_col-md-12 vc_col-xs-12&#8243; css=&#8221;.vc_custom_1542870952541{margin-top: -180px !important;padding-right: 0px !important;padding-left: 0px !important;}&#8221;][stm_spacer height_tablet=&#8221;170&#8243; height_mobile=&#8221;180&#8243;][stm_wp_hotelier_form title=&#8221;&#8221; guests=&#8221;2&#8243; children=&#8221;3&#8243; style=&#8221;style_5&#8243; css=&#8221;.vc_custom_1575406175475{background-color: #ffffff !important;}&#8221;][\/vc_column][\/vc_row][vc_row shadow_x_offset=&#8221;0&#8243; shadow_y_offset=&#8221;0&#8243; shadow_blur=&#8221;0&#8243; shadow_spread=&#8221;0&#8243; shadow_color=&#8221;&#8221; css=&#8221;.vc_custom_1576790501971{margin-top: 0px !important;margin-bottom: 0px !important;}&#8221;][vc_column width=&#8221;1\/2&#8243; shadow_x_offset=&#8221;0&#8243; shadow_y_offset=&#8221;0&#8243; shadow_blur=&#8221;0&#8243; shadow_spread=&#8221;0&#8243; shadow_color=&#8221;&#8221; offset=&#8221;vc_col-lg-6 vc_col-md-12&#8243;][stm_spacer height=&#8221;150&#8243; height_laptop=&#8221;150&#8243; height_tablet=&#8221;150&#8243; height_mobile=&#8221;50&#8243;][vc_custom_heading text=&#8221;Warm welcome&#8221; font_container=&#8221;tag:h1|font_size:70|text_align:left|color:%2300b3e3&#8243; use_theme_fonts=&#8221;yes&#8221;][vc_custom_heading text=&#8221;to the first innovative capsule-type hostel in the Baltics located in Tallinn City centre!&#8221; font_container=&#8221;tag:h3|font_size:22|text_align:left|line_height:35px&#8221; google_fonts=&#8221;font_family:Roboto%3A100%2C100italic%2C300%2C300italic%2Cregular%2Citalic%2C500%2C500italic%2C700%2C700italic%2C900%2C900italic|font_style:700%20bold%20regular%3A700%3Anormal&#8221; css=&#8221;.vc_custom_1576789808306{margin-top: 30px !important;padding-top: 5px !important;}&#8221;][\/vc_column][vc_column width=&#8221;1\/2&#8243; shadow_x_offset=&#8221;0&#8243; shadow_y_offset=&#8221;0&#8243; shadow_blur=&#8221;0&#8243; shadow_spread=&#8221;0&#8243; shadow_color=&#8221;&#8221; offset=&#8221;vc_col-lg-6 vc_col-md-12&#8243;][vc_single_image image=&#8221;2456&#8243; img_size=&#8221;600&#215;400&#8243; alignment=&#8221;center&#8221; style=&#8221;vc_box_rounded&#8221; css_animation=&#8221;fadeInUp&#8221; css=&#8221;.vc_custom_1579959489454{padding-top: 80px !important;}&#8221;][\/vc_column][\/vc_row][vc_row shadow_x_offset=&#8221;0&#8243; shadow_y_offset=&#8221;0&#8243; shadow_blur=&#8221;0&#8243; shadow_spread=&#8221;0&#8243; shadow_color=&#8221;&#8221; css=&#8221;.vc_custom_1576790592687{margin-top: 10px !important;margin-bottom: 60px !important;}&#8221;][vc_column width=&#8221;1\/2&#8243;][vc_column_text]<strong>Trendy spot<\/strong>\u00a0for backbackers and business travellers alike. This Premium-hostel is a totally new level of comfortable and affordable accommodation in Tallinn: futuristic design, smart solutions, safe and private environment, self check-in and \u2013out services allow you to float comfortably in vacation mode in Tallinn and in capsule for as long as you like. Bring friends along and book a whole hostel to enjoy the vibrant Tallinn!<\/p>\n<p>Welcome to &#8220;e-Estonia&#8221;, where 98% of population has ID-card, internet access declared to be a human right and every days innovative start-up ideas are launched.[\/vc_column_text][\/vc_column][vc_column width=&#8221;1\/2&#8243;][vc_column_text]Do you know how it feels in spaceship? No? Welcome to capsule hosel to find out! Capsule-type accommodation has become extremely popular since the first launch in Osaka, Japan 1979. Why? Innovative, secure, private, comfortable and afforable.<\/p>\n<p>The Capsule Hostel Tallinn is a brand new hostel designed specially for You: it is smart, innovative and secure + offering a wide variety of luxury amenties you would not dare to dream of while staying at a hostel: maximum air exchange, forced ventilation with filtered heat recovery, rooms are air-conditioned.<\/p>\n<h3>Let your travel to smartest, be full of excitement and positive suprises <a style=\"font-size: 30px !important;\" href=\"https:\/\/uus.capsulehostels.eu\/mida-teha\/\">in Tallinn!<\/a><\/h3>\n<p>[\/vc_column_text][\/vc_column][\/vc_row][vc_row shadow_x_offset=&#8221;0&#8243; shadow_y_offset=&#8221;0&#8243; shadow_blur=&#8221;0&#8243; shadow_spread=&#8221;0&#8243; shadow_color=&#8221;&#8221; css=&#8221;.vc_custom_1577013612136{margin-top: -30px !important;padding-bottom: 50px !important;background-color: #0f172b !important;border-radius: 20px !important;}&#8221; el_class=&#8221;avalehtteenus2&#8243;][vc_column css_animation=&#8221;bounceInUp&#8221; width=&#8221;1\/3&#8243; shadow_x_offset=&#8221;0&#8243; shadow_y_offset=&#8221;0&#8243; shadow_blur=&#8221;0&#8243; shadow_spread=&#8221;0&#8243; shadow_color=&#8221;&#8221; offset=&#8221;vc_hidden-lg vc_col-md-12 vc_hidden-md vc_hidden-sm vc_col-xs-12&#8243;][stm_icon_box title_custom_color=&#8221;#ffffff&#8221; icon=&#8221;stmicon-bed2&#8243; title=&#8221;REST&#8221; iconbox_css=&#8221;.vc_custom_1577013389365{padding-bottom: 100px !important;}&#8221;]<\/p>\n<p class=\"vc_custom_heading text-left\"><span style=\"color: #ffffff;\">Being in capsule hostel feels like being in spaceship<\/span><\/p>\n<p>[\/stm_icon_box][\/vc_column][vc_column css_animation=&#8221;bounceInUp&#8221; width=&#8221;1\/3&#8243; shadow_x_offset=&#8221;0&#8243; shadow_y_offset=&#8221;0&#8243; shadow_blur=&#8221;0&#8243; shadow_spread=&#8221;0&#8243; shadow_color=&#8221;&#8221; css=&#8221;.vc_custom_1577013534995{padding-top: 50px !important;padding-bottom: 50px !important;}&#8221; offset=&#8221;vc_hidden-lg vc_col-md-12 vc_hidden-md vc_hidden-sm vc_col-xs-12&#8243;][stm_icon_box title_custom_color=&#8221;#ffffff&#8221; icon=&#8221;stmicon-top&#8221; title=&#8221;DISCOVER&#8221; iconbox_css=&#8221;.vc_custom_1577013398016{padding-bottom: 100px !important;}&#8221;]<\/p>\n<p class=\"vc_custom_heading text-left\"><span style=\"color: #ffffff;\">Tallinn welcomes you with open heart and wide variety of activities and attractions<\/span><\/p>\n<p>[\/stm_icon_box][\/vc_column][vc_column width=&#8221;1\/3&#8243; shadow_x_offset=&#8221;0&#8243; shadow_y_offset=&#8221;0&#8243; shadow_blur=&#8221;0&#8243; shadow_spread=&#8221;0&#8243; shadow_color=&#8221;&#8221; offset=&#8221;vc_hidden-lg vc_col-md-12 vc_hidden-md vc_hidden-sm vc_col-xs-12&#8243;][stm_icon_box title_custom_color=&#8221;#ffffff&#8221; icon=&#8221;stmicon-restaurant_menu&#8221; title=&#8221;EAT&#8221; iconbox_css=&#8221;.vc_custom_1577013727093{padding-bottom: 100px !important;}&#8221;]<span style=\"color: #ffffff;\">Within 500 meters from Capsule Hostel there are variety of dining options<\/span>[\/stm_icon_box][\/vc_column][\/vc_row][vc_row full_width=&#8221;stretch_row_content_no_spaces&#8221; disable_element=&#8221;yes&#8221; shadow_x_offset=&#8221;0&#8243; shadow_y_offset=&#8221;0&#8243; shadow_blur=&#8221;0&#8243; shadow_spread=&#8221;0&#8243; shadow_color=&#8221;&#8221; css=&#8221;.vc_custom_1576790558177{margin-bottom: 70px !important;}&#8221;][vc_column]\n\t\t\t<!-- START frankfurt REVOLUTION SLIDER 6.7.38 --><p class=\"rs-p-wp-fix\"><\/p>\n\t\t\t<rs-module-wrap id=\"rev_slider_2_1_wrapper\" data-source=\"gallery\" style=\"visibility:hidden;background:transparent;padding:0;margin:0px auto;margin-top:0;margin-bottom:0;\">\n\t\t\t\t<rs-module id=\"rev_slider_2_1\" style=\"\" data-version=\"6.7.38\">\n\t\t\t\t\t<rs-slides style=\"overflow: hidden; position: absolute;\">\n\t\t\t\t\t\t<rs-slide style=\"position: absolute;\" data-key=\"rs-2\" data-title=\"Slide\" data-anim=\"ms:600;r:0;\" data-in=\"o:0;\" data-out=\"a:false;\">\n\t\t\t\t\t\t\t<img decoding=\"async\" src=\"\/\/capsulehostels.eu\/wp-content\/plugins\/revslider\/sr6\/assets\/assets\/dummy.png\" alt=\"\" title=\"WELCOME\" class=\"rev-slidebg tp-rs-img rs-lazyload\" data-lazyload=\"\/\/uus.capsulehostels.eu\/wp-content\/uploads\/revslider\/1.jpg\" data-no-retina>\n<!--\n\t\t\t\t\t\t\t--><rs-layer\n\t\t\t\t\t\t\t\tid=\"slider-2-slide-2-layer-1\" \n\t\t\t\t\t\t\t\tclass=\"tp-shape tp-shapewrapper\"\n\t\t\t\t\t\t\t\tdata-type=\"shape\"\n\t\t\t\t\t\t\t\tdata-rsp_ch=\"on\"\n\t\t\t\t\t\t\t\tdata-xy=\"x:r;y:m;\"\n\t\t\t\t\t\t\t\tdata-text=\"a:inherit;\"\n\t\t\t\t\t\t\t\tdata-dim=\"w:960px,561px,561px,561px;h:100%;\"\n\t\t\t\t\t\t\t\tdata-vbility=\"t,f,t,t\"\n\t\t\t\t\t\t\t\tdata-frame_0=\"tp:600;\"\n\t\t\t\t\t\t\t\tdata-frame_1=\"tp:600;sR:10;\"\n\t\t\t\t\t\t\t\tdata-frame_999=\"o:0;tp:600;st:w;sR:8690;\"\n\t\t\t\t\t\t\t\tstyle=\"z-index:5;background-color:rgba(0,0,0,0.5);\"\n\t\t\t\t\t\t\t> \n\t\t\t\t\t\t\t<\/rs-layer><!--\n\n\t\t\t\t\t\t\t--><rs-layer\n\t\t\t\t\t\t\t\tid=\"slider-2-slide-2-layer-2\" \n\t\t\t\t\t\t\t\tdata-type=\"text\"\n\t\t\t\t\t\t\t\tdata-rsp_ch=\"on\"\n\t\t\t\t\t\t\t\tdata-xy=\"x:r,c,c,c;xo:338px,0,338px,0;y:b,m,m,m;yo:364px,-130px,-130px,-130px;\"\n\t\t\t\t\t\t\t\tdata-text=\"s:48;l:60;fw:700;a:inherit;\"\n\t\t\t\t\t\t\t\tdata-frame_0=\"tp:600;\"\n\t\t\t\t\t\t\t\tdata-frame_1=\"tp:600;sR:10;\"\n\t\t\t\t\t\t\t\tdata-frame_999=\"o:0;tp:600;st:w;sR:8690;\"\n\t\t\t\t\t\t\t\tstyle=\"z-index:7;font-family:'Roboto';\"\n\t\t\t\t\t\t\t>S\u00f6\u00f6gikohad Sinu l\u00e4hedal \n\t\t\t\t\t\t\t<\/rs-layer><!--\n\n\t\t\t\t\t\t\t--><rs-layer\n\t\t\t\t\t\t\t\tid=\"slider-2-slide-2-layer-3\" \n\t\t\t\t\t\t\t\tdata-type=\"text\"\n\t\t\t\t\t\t\t\tdata-rsp_ch=\"on\"\n\t\t\t\t\t\t\t\tdata-xy=\"x:l,c,c,c;xo:1054px,0,1054px,0;y:t,m,m,m;yo:265px,0,265px,0;\"\n\t\t\t\t\t\t\t\tdata-text=\"s:16;l:30;fw:300;a:inherit;\"\n\t\t\t\t\t\t\t\tdata-frame_0=\"tp:600;\"\n\t\t\t\t\t\t\t\tdata-frame_1=\"tp:600;sR:10;\"\n\t\t\t\t\t\t\t\tdata-frame_999=\"o:0;tp:600;st:w;sR:8690;\"\n\t\t\t\t\t\t\t\tstyle=\"z-index:8;font-family:'Roboto';\"\n\t\t\t\t\t\t\t>Leia omale sobiv s\u00f6\u00f6gikoht ja naudi.\n \n\t\t\t\t\t\t\t<\/rs-layer><!--\n\n\t\t\t\t\t\t\t--><rs-layer\n\t\t\t\t\t\t\t\tid=\"slider-2-slide-2-layer-4\" \n\t\t\t\t\t\t\t\tdata-type=\"text\"\n\t\t\t\t\t\t\t\tdata-color=\"rgba(0, 179, 227, 0.6)\"\n\t\t\t\t\t\t\t\tdata-rsp_ch=\"on\"\n\t\t\t\t\t\t\t\tdata-xy=\"x:c;xo:234px,0,234px,0;y:m;yo:-181px,-180px,-180px,-180px;\"\n\t\t\t\t\t\t\t\tdata-text=\"s:150;l:18;a:inherit;\"\n\t\t\t\t\t\t\t\tdata-frame_0=\"tp:600;\"\n\t\t\t\t\t\t\t\tdata-frame_1=\"tp:600;sR:10;\"\n\t\t\t\t\t\t\t\tdata-frame_999=\"o:0;tp:600;st:w;sR:8690;\"\n\t\t\t\t\t\t\t\tstyle=\"z-index:6;font-family:'Herr Von Muellerhoff';\"\n\t\t\t\t\t\t\t>Parimad \n\t\t\t\t\t\t\t<\/rs-layer><!--\n\n\t\t\t\t\t\t\t--><rs-layer\n\t\t\t\t\t\t\t\tid=\"slider-2-slide-2-layer-5\" \n\t\t\t\t\t\t\t\tclass=\"rev-btn\"\n\t\t\t\t\t\t\t\tdata-type=\"button\"\n\t\t\t\t\t\t\t\tdata-xy=\"x:c;xo:157px,1px,1px,1px;y:m;yo:50px,126px,126px,126px;\"\n\t\t\t\t\t\t\t\tdata-text=\"s:12,13,13,13;l:17;fw:500;a:inherit;\"\n\t\t\t\t\t\t\t\tdata-dim=\"w:129px,120px,120px,120px;h:auto,40px,40px,40px;\"\n\t\t\t\t\t\t\t\tdata-vbility=\"t,f,t,t\"\n\t\t\t\t\t\t\t\tdata-rsp_bd=\"off\"\n\t\t\t\t\t\t\t\tdata-padding=\"t:11,12,12,12;r:11,25,25,25;b:10,12,12,12;l:14,25,25,25;\"\n\t\t\t\t\t\t\t\tdata-border=\"bos:solid;boc:rgba(0,0,0,1);bow:0px,0px,0px,0;bor:2px,2px,2px,2px;\"\n\t\t\t\t\t\t\t\tdata-frame_0=\"tp:600;\"\n\t\t\t\t\t\t\t\tdata-frame_1=\"tp:600;sR:10;\"\n\t\t\t\t\t\t\t\tdata-frame_999=\"o:0;tp:600;st:w;sR:8690;\"\n\t\t\t\t\t\t\t\tdata-frame_hover=\"c:#fff;bgc:rgba(0,133,229,0.75);boc:#000;bor:2px,2px,2px,2px;bos:solid;bow:0px,0px,0px,0;oX:50;oY:50;sp:0;\"\n\t\t\t\t\t\t\t\tstyle=\"z-index:9;background-color:rgba(0,179,227,0.75);font-family:'Roboto';cursor:pointer;outline:none;box-shadow:none;box-sizing:border-box;-moz-box-sizing:border-box;-webkit-box-sizing:border-box;\"\n\t\t\t\t\t\t\t>VAATA L\u00c4HEMALT \n\t\t\t\t\t\t\t<\/rs-layer><!--\n-->\t\t\t\t\t<\/rs-slide>\n\t\t\t\t\t<\/rs-slides>\n\t\t\t\t<\/rs-module>\n\t\t\t\t<script>\n\t\t\t\t\tsetREVStartSize({c: 'rev_slider_2_1',rl:[1240,1024,1024,480],el:[600,600,600,720],gw:[1920,1024,1024,480],gh:[600,600,600,720],type:'standard',justify:'',layout:'fullwidth',mh:\"0\"});if (window.RS_MODULES!==undefined && window.RS_MODULES.modules!==undefined && window.RS_MODULES.modules[\"revslider21\"]!==undefined) {window.RS_MODULES.modules[\"revslider21\"].once = false;window.revapi2 = undefined;if (window.RS_MODULES.checkMinimal!==undefined) window.RS_MODULES.checkMinimal()}\n\t\t\t\t<\/script>\n\t\t\t<\/rs-module-wrap>\n\t\t\t<!-- END REVOLUTION SLIDER -->\n[\/vc_column][\/vc_row][vc_row full_width=&#8221;stretch_row_content_no_spaces&#8221; shadow_x_offset=&#8221;0&#8243; shadow_y_offset=&#8221;0&#8243; shadow_blur=&#8221;0&#8243; shadow_spread=&#8221;0&#8243; shadow_color=&#8221;&#8221; css=&#8221;.vc_custom_1576855716217{margin-bottom: 0px !important;}&#8221;][vc_column][vc_separator][vc_column_text]\n<div id=\"sb_instagram\"  class=\"sbi sbi_mob_col_2 sbi_tab_col_2 sbi_col_5 sbi_width_resp sbi-theme sbi-default_theme sbi-style-regular\" style=\"padding-bottom: 10px; width: 1200px;\" data-post-style=\"regular\"\t data-feedid=\"sbi_+FUNINCAPSULEKAPSELHOSTELCAPSUJap#10\"  data-res=\"auto\" data-cols=\"5\" data-colsmobile=\"2\" data-colstablet=\"2\" data-num=\"10\" data-nummobile=\"6\" data-header-size=\"small\" data-item-padding=\"5\"\t data-shortcode-atts=\"{}\"  data-postid=\"1036\" data-locatornonce=\"74ffa49d0e\" data-options=\"{&quot;grid&quot;:true,&quot;avatars&quot;:[],&quot;lightboxcomments&quot;:10,&quot;colsmobile&quot;:2,&quot;colstablet&quot;:2,&quot;captionsize&quot;:13,&quot;captionlength&quot;:50,&quot;imageaspectratio&quot;:&quot;1:1&quot;}\" data-sbi-flags=\"ajaxPostLoad,gdpr\">\n\n\t\n\t<div id=\"sbi_images\" style=\"gap: 10px;\">\n\t\t\t<\/div>\n\n\t<div id=\"sbi_load\" >\n\n\t\n\t\n<\/div>\n\n\t\t<span class=\"sbi_resized_image_data\" data-feed-id=\"sbi_+FUNINCAPSULEKAPSELHOSTELCAPSUJap#10\"\n\t\t  data-resized=\"[]\">\n\t<\/span>\n\t\n<\/div>\n\n<script type=\"text\/javascript\">var sb_instagram_js_options = {\"font_method\":\"svg\",\"placeholder\":\"https:\\\/\\\/capsulehostels.eu\\\/wp-content\\\/plugins\\\/instagram-feed-pro\\\/img\\\/placeholder.png\",\"resized_url\":\"https:\\\/\\\/capsulehostels.eu\\\/wp-content\\\/uploads\\\/sb-instagram-feed-images\\\/\",\"br_adjust\":true,\"ajax_url\":\"https:\\\/\\\/capsulehostels.eu\\\/wp-admin\\\/admin-ajax.php\"};<\/script><script type='text\/javascript' src='https:\/\/capsulehostels.eu\/wp-content\/plugins\/instagram-feed-pro\/js\/sbi-scripts.min.js?ver=6.9.0'><\/script>[\/vc_column_text][\/vc_column][\/vc_row]<\/p>\n<\/div>","protected":false},"excerpt":{"rendered":"<p>[vc_row full_width=&#8221;stretch_row&#8221; shadow_x_offset=&#8221;0&#8243; shadow_y_offset=&#8221;0&#8243; shadow_blur=&#8221;0&#8243; shadow_spread=&#8221;0&#8243; shadow_color=&#8221;&#8221; el_class=&#8221;overlap&#8221; css=&#8221;.vc_custom_1542870643138{margin-top: -160px !important;}&#8221;][vc_column shadow_x_offset=&#8221;0&#8243; shadow_y_offset=&#8221;0&#8243; shadow_blur=&#8221;0&#8243; shadow_spread=&#8221;0&#8243; shadow_color=&#8221;&#8221; offset=&#8221;vc_col-lg-offset-1 vc_col-lg-10 vc_col-md-offset-1 vc_col-md-10 vc_col-xs-12&#8243;][rev_slider_vc alias=&#8221;home1&#8243;][\/vc_column][\/vc_row][vc_row shadow_x_offset=&#8221;0&#8243; shadow_y_offset=&#8221;0&#8243; shadow_blur=&#8221;0&#8243; shadow_spread=&#8221;0&#8243; shadow_color=&#8221;&#8221; css=&#8221;.vc_custom_1577012973102{margin-top: -100px !important;background-color: #0f172b !important;border-radius: 20px !important;}&#8221; el_class=&#8221;avalehtteenus&#8221;][vc_column width=&#8221;1\/3&#8243; shadow_x_offset=&#8221;0&#8243; shadow_y_offset=&#8221;0&#8243; shadow_blur=&#8221;0&#8243; shadow_spread=&#8221;0&#8243; shadow_color=&#8221;&#8221; css=&#8221;.vc_custom_1577012721371{margin-top: -80px !important;padding-bottom: 50px !important;padding-left: 60px !important;}&#8221; offset=&#8221;vc_hidden-sm vc_hidden-xs&#8221;][stm_icon_box title_custom_color=&#8221;#ffffff&#8221; icon=&#8221;stmicon-bed2&#8243; box_link=&#8221;enable&#8221; box_link_url=&#8221;url:https%3A%2F%2Frldisain.ee||target:%20_blank|&#8221; title=&#8221;REST&#8221; [&hellip;]<\/p>\n","protected":false},"author":8,"featured_media":0,"parent":0,"menu_order":0,"comment_status":"closed","ping_status":"closed","template":"","meta":{"_monsterinsights_skip_tracking":false,"_monsterinsights_sitenote_active":false,"_monsterinsights_sitenote_note":"","_monsterinsights_sitenote_category":0,"footnotes":""},"class_list":["post-1036","page","type-page","status-publish","hentry"],"yoast_head":"<!-- This site is optimized with the Yoast SEO Premium plugin v25.8 (Yoast SEO v27.1.1) - https:\/\/yoast.com\/product\/yoast-seo-premium-wordpress\/ -->\n<title>Hostel in Tallinn City Centre - Capsule Hostels Tallinn #funincapsule<\/title>\n<meta name=\"description\" content=\"Trendy hostel in Tallinn City Centre for backbackers and business travellers alike. This Premium-hostel is a totally new level of affordable accommodation: futuristic, smart with superfast wi-fi, safe and private.\" \/>\n<meta name=\"robots\" content=\"index, follow, max-snippet:-1, max-image-preview:large, max-video-preview:-1\" \/>\n<link rel=\"canonical\" href=\"https:\/\/capsulehostels.eu\/\" \/>\n<meta property=\"og:locale\" content=\"en_US\" \/>\n<meta property=\"og:type\" content=\"article\" \/>\n<meta property=\"og:title\" content=\"WELCOME\" \/>\n<meta property=\"og:description\" content=\"Trendy hostel in Tallinn City Centre for backbackers and business travellers alike. This Premium-hostel is a totally new level of affordable accommodation: futuristic, smart with superfast wi-fi, safe and private.\" \/>\n<meta property=\"og:url\" content=\"https:\/\/capsulehostels.eu\/\" \/>\n<meta property=\"og:site_name\" content=\"Capsule Hostels Tallinn\" \/>\n<meta property=\"article:publisher\" content=\"https:\/\/www.facebook.com\/capsulehostels\/\" \/>\n<meta property=\"article:modified_time\" content=\"2022-06-08T14:18:13+00:00\" \/>\n<meta name=\"twitter:card\" content=\"summary_large_image\" \/>\n<meta name=\"twitter:label1\" content=\"Est. reading time\" \/>\n\t<meta name=\"twitter:data1\" content=\"6 minutes\" \/>\n<script type=\"application\/ld+json\" class=\"yoast-schema-graph\">{\"@context\":\"https:\/\/schema.org\",\"@graph\":[{\"@type\":\"WebPage\",\"@id\":\"https:\/\/capsulehostels.eu\/\",\"url\":\"https:\/\/capsulehostels.eu\/\",\"name\":\"Hostel in Tallinn City Centre - Capsule Hostels Tallinn #funincapsule\",\"isPartOf\":{\"@id\":\"https:\/\/capsulehostels.eu\/#website\"},\"datePublished\":\"2018-05-25T04:39:02+00:00\",\"dateModified\":\"2022-06-08T14:18:13+00:00\",\"description\":\"Trendy hostel in Tallinn City Centre for backbackers and business travellers alike. This Premium-hostel is a totally new level of affordable accommodation: futuristic, smart with superfast wi-fi, safe and private.\",\"breadcrumb\":{\"@id\":\"https:\/\/capsulehostels.eu\/#breadcrumb\"},\"inLanguage\":\"en-US\",\"potentialAction\":[{\"@type\":\"ReadAction\",\"target\":[\"https:\/\/capsulehostels.eu\/\"]}]},{\"@type\":\"BreadcrumbList\",\"@id\":\"https:\/\/capsulehostels.eu\/#breadcrumb\",\"itemListElement\":[{\"@type\":\"ListItem\",\"position\":1,\"name\":\"Home\",\"item\":\"https:\/\/capsulehostels.eu\/\"},{\"@type\":\"ListItem\",\"position\":2,\"name\":\"WELCOME\"}]},{\"@type\":\"WebSite\",\"@id\":\"https:\/\/capsulehostels.eu\/#website\",\"url\":\"https:\/\/capsulehostels.eu\/\",\"name\":\"Capsule Hostels Tallinn\",\"description\":\"Esimene kapselhostel Tallinnas ja Baltikumis\",\"potentialAction\":[{\"@type\":\"SearchAction\",\"target\":{\"@type\":\"EntryPoint\",\"urlTemplate\":\"https:\/\/capsulehostels.eu\/?s={search_term_string}\"},\"query-input\":{\"@type\":\"PropertyValueSpecification\",\"valueRequired\":true,\"valueName\":\"search_term_string\"}}],\"inLanguage\":\"en-US\"}]}<\/script>\n<!-- \/ Yoast SEO Premium plugin. -->","yoast_head_json":{"title":"Hostel in Tallinn City Centre - Capsule Hostels Tallinn #funincapsule","description":"Trendy hostel in Tallinn City Centre for backbackers and business travellers alike. This Premium-hostel is a totally new level of affordable accommodation: futuristic, smart with superfast wi-fi, safe and private.","robots":{"index":"index","follow":"follow","max-snippet":"max-snippet:-1","max-image-preview":"max-image-preview:large","max-video-preview":"max-video-preview:-1"},"canonical":"https:\/\/capsulehostels.eu\/","og_locale":"en_US","og_type":"article","og_title":"WELCOME","og_description":"Trendy hostel in Tallinn City Centre for backbackers and business travellers alike. This Premium-hostel is a totally new level of affordable accommodation: futuristic, smart with superfast wi-fi, safe and private.","og_url":"https:\/\/capsulehostels.eu\/","og_site_name":"Capsule Hostels Tallinn","article_publisher":"https:\/\/www.facebook.com\/capsulehostels\/","article_modified_time":"2022-06-08T14:18:13+00:00","twitter_card":"summary_large_image","twitter_misc":{"Est. reading time":"6 minutes"},"schema":{"@context":"https:\/\/schema.org","@graph":[{"@type":"WebPage","@id":"https:\/\/capsulehostels.eu\/","url":"https:\/\/capsulehostels.eu\/","name":"Hostel in Tallinn City Centre - Capsule Hostels Tallinn #funincapsule","isPartOf":{"@id":"https:\/\/capsulehostels.eu\/#website"},"datePublished":"2018-05-25T04:39:02+00:00","dateModified":"2022-06-08T14:18:13+00:00","description":"Trendy hostel in Tallinn City Centre for backbackers and business travellers alike. This Premium-hostel is a totally new level of affordable accommodation: futuristic, smart with superfast wi-fi, safe and private.","breadcrumb":{"@id":"https:\/\/capsulehostels.eu\/#breadcrumb"},"inLanguage":"en-US","potentialAction":[{"@type":"ReadAction","target":["https:\/\/capsulehostels.eu\/"]}]},{"@type":"BreadcrumbList","@id":"https:\/\/capsulehostels.eu\/#breadcrumb","itemListElement":[{"@type":"ListItem","position":1,"name":"Home","item":"https:\/\/capsulehostels.eu\/"},{"@type":"ListItem","position":2,"name":"WELCOME"}]},{"@type":"WebSite","@id":"https:\/\/capsulehostels.eu\/#website","url":"https:\/\/capsulehostels.eu\/","name":"Capsule Hostels Tallinn","description":"Esimene kapselhostel Tallinnas ja Baltikumis","potentialAction":[{"@type":"SearchAction","target":{"@type":"EntryPoint","urlTemplate":"https:\/\/capsulehostels.eu\/?s={search_term_string}"},"query-input":{"@type":"PropertyValueSpecification","valueRequired":true,"valueName":"search_term_string"}}],"inLanguage":"en-US"}]}},"_links":{"self":[{"href":"https:\/\/capsulehostels.eu\/en\/wp-json\/wp\/v2\/pages\/1036","targetHints":{"allow":["GET"]}}],"collection":[{"href":"https:\/\/capsulehostels.eu\/en\/wp-json\/wp\/v2\/pages"}],"about":[{"href":"https:\/\/capsulehostels.eu\/en\/wp-json\/wp\/v2\/types\/page"}],"author":[{"embeddable":true,"href":"https:\/\/capsulehostels.eu\/en\/wp-json\/wp\/v2\/users\/8"}],"replies":[{"embeddable":true,"href":"https:\/\/capsulehostels.eu\/en\/wp-json\/wp\/v2\/comments?post=1036"}],"version-history":[{"count":78,"href":"https:\/\/capsulehostels.eu\/en\/wp-json\/wp\/v2\/pages\/1036\/revisions"}],"predecessor-version":[{"id":2849,"href":"https:\/\/capsulehostels.eu\/en\/wp-json\/wp\/v2\/pages\/1036\/revisions\/2849"}],"wp:attachment":[{"href":"https:\/\/capsulehostels.eu\/en\/wp-json\/wp\/v2\/media?parent=1036"}],"curies":[{"name":"wp","href":"https:\/\/api.w.org\/{rel}","templated":true}]}}